{"id":1046,"date":"2016-05-14T19:14:15","date_gmt":"2016-05-14T19:14:15","guid":{"rendered":"https:\/\/www.arluewa.de\/\/fr\/?page_id=1046"},"modified":"2025-06-22T12:29:22","modified_gmt":"2025-06-22T12:29:22","slug":"home","status":"publish","type":"page","link":"https:\/\/www.arluewa.de\/fr\/","title":{"rendered":"Home"},"content":{"rendered":"\t\t<div data-elementor-type=\"wp-page\" data-elementor-id=\"1046\" class=\"elementor elementor-1046 elementor-5\">\n\t\t\t\t<div class=\"elementor-element elementor-element-135ccc2e e-flex e-con-boxed e-con e-parent\" data-id=\"135ccc2e\" data-element_type=\"container\" data-e-type=\"container\">\n\t\t\t\t\t<div class=\"e-con-inner\">\n\t\t\t\t<div class=\"elementor-element elementor-element-1a6db76 elementor-widget elementor-widget-heading\" data-id=\"1a6db76\" data-element_type=\"widget\" data-e-type=\"widget\" data-widget_type=\"heading.default\">\n\t\t\t\t<div class=\"elementor-widget-container\">\n\t\t\t\t\t<h2 class=\"elementor-heading-title elementor-size-default\">Arl\u00fcwa s\u2019occuppe depuis plus de 60 ans de la r\u00e9paration et de l\u2019entretien d\u2019appareils photos argentiques.<\/h2>\t\t\t\t<\/div>\n\t\t\t\t<\/div>\n\t\t\t\t<div class=\"elementor-element elementor-element-71d03773 elementor-widget elementor-widget-text-editor\" data-id=\"71d03773\" data-element_type=\"widget\" data-e-type=\"widget\" data-widget_type=\"text-editor.default\">\n\t\t\t\t<div class=\"elementor-widget-container\">\n\t\t\t\t\t\t\t\t\t<h3>Nous r\u00e9parons vos tr\u00e9sors anciens avec beaucoup d\u2019exp\u00e9rience et de minutie. En plus des r\u00e9parations et de l\u2019entretien, nous vous proposons des transformations et modifications d\u2019appareil photos, d\u2019objectifs, d\u2019obturateurs et t\u00e9l\u00e9m\u00e8tres.<\/h3><br>&nbsp;<br><h4>Nous vous prions de joindre le bordereau d\u2019envoi rempli dans votre paquet!<\/h4><br>&nbsp;\t\t\t\t\t\t\t\t<\/div>\n\t\t\t\t<\/div>\n\t\t\t\t\t<\/div>\n\t\t\t\t<\/div>\n\t\t<div class=\"elementor-element elementor-element-864f726 e-flex e-con-boxed e-con e-parent\" data-id=\"864f726\" data-element_type=\"container\" data-e-type=\"container\">\n\t\t\t\t\t<div class=\"e-con-inner\">\n\t\t\t\t<div class=\"elementor-element elementor-element-40ff676 elementor-widget elementor-widget-image\" data-id=\"40ff676\" data-element_type=\"widget\" data-e-type=\"widget\" data-widget_type=\"image.default\">\n\t\t\t\t<div class=\"elementor-widget-container\">\n\t\t\t\t\t\t\t\t\t\t\t\t\t\t\t\t<a href=\"\/wp-content\/uploads\/2016\/04\/BEGLEITSCHEIN.pdf\">\n\t\t\t\t\t\t\t<img decoding=\"async\" width=\"180\" height=\"102\" src=\"https:\/\/www.arluewa.de\/wp-content\/uploads\/2016\/05\/bordereau-button.png\" class=\"attachment-full size-full wp-image-1590\" alt=\"\" \/>\t\t\t\t\t\t\t\t<\/a>\n\t\t\t\t\t\t\t\t\t\t\t\t\t\t\t<\/div>\n\t\t\t\t<\/div>\n\t\t<div class=\"elementor-element elementor-element-61d81f1 e-grid e-con-full e-con e-child\" data-id=\"61d81f1\" data-element_type=\"container\" data-e-type=\"container\">\n\t\t\t\t<div class=\"elementor-element elementor-element-bfe1ef8 elementor-position-top elementor-widget elementor-widget-image-box\" data-id=\"bfe1ef8\" data-element_type=\"widget\" data-e-type=\"widget\" data-widget_type=\"image-box.default\">\n\t\t\t\t<div class=\"elementor-widget-container\">\n\t\t\t\t\t<div class=\"elementor-image-box-wrapper\"><figure class=\"elementor-image-box-img\"><a href=\"https:\/\/www.arluewa.de\/fr\/nouveautees\/\" tabindex=\"-1\"><img fetchpriority=\"high\" decoding=\"async\" width=\"369\" height=\"356\" src=\"https:\/\/www.arluewa.de\/wp-content\/uploads\/2025\/06\/teaserfp4.jpg\" class=\"attachment-full size-full wp-image-3175\" alt=\"\" srcset=\"https:\/\/www.arluewa.de\/wp-content\/uploads\/2025\/06\/teaserfp4.jpg 369w, https:\/\/www.arluewa.de\/wp-content\/uploads\/2025\/06\/teaserfp4-300x289.jpg 300w\" sizes=\"(max-width: 369px) 100vw, 369px\" \/><\/a><\/figure><div class=\"elementor-image-box-content\"><h3 class=\"elementor-image-box-title\"><a href=\"https:\/\/www.arluewa.de\/fr\/nouveautees\/\">Nouveaut\u00e9es<\/a><\/h3><\/div><\/div>\t\t\t\t<\/div>\n\t\t\t\t<\/div>\n\t\t\t\t<div class=\"elementor-element elementor-element-e76b8d2 elementor-position-top elementor-widget elementor-widget-image-box\" data-id=\"e76b8d2\" data-element_type=\"widget\" data-e-type=\"widget\" data-widget_type=\"image-box.default\">\n\t\t\t\t<div class=\"elementor-widget-container\">\n\t\t\t\t\t<div class=\"elementor-image-box-wrapper\"><figure class=\"elementor-image-box-img\"><a href=\"https:\/\/www.arluewa.de\/fr\/atelier\/\" tabindex=\"-1\"><img decoding=\"async\" width=\"369\" height=\"356\" src=\"https:\/\/www.arluewa.de\/wp-content\/uploads\/2025\/06\/teaserfp1.jpg\" class=\"attachment-full size-full wp-image-3184\" alt=\"\" srcset=\"https:\/\/www.arluewa.de\/wp-content\/uploads\/2025\/06\/teaserfp1.jpg 369w, https:\/\/www.arluewa.de\/wp-content\/uploads\/2025\/06\/teaserfp1-300x289.jpg 300w\" sizes=\"(max-width: 369px) 100vw, 369px\" \/><\/a><\/figure><div class=\"elementor-image-box-content\"><h3 class=\"elementor-image-box-title\"><a href=\"https:\/\/www.arluewa.de\/fr\/atelier\/\">Dans l\u2019atelier<\/a><\/h3><\/div><\/div>\t\t\t\t<\/div>\n\t\t\t\t<\/div>\n\t\t\t\t<div class=\"elementor-element elementor-element-4fee802 elementor-position-top elementor-widget elementor-widget-image-box\" data-id=\"4fee802\" data-element_type=\"widget\" data-e-type=\"widget\" data-widget_type=\"image-box.default\">\n\t\t\t\t<div class=\"elementor-widget-container\">\n\t\t\t\t\t<div class=\"elementor-image-box-wrapper\"><figure class=\"elementor-image-box-img\"><a href=\"https:\/\/www.arluewa.de\/fr\/histoire\/service-de-reparation\/\" tabindex=\"-1\"><img loading=\"lazy\" decoding=\"async\" width=\"369\" height=\"356\" src=\"https:\/\/www.arluewa.de\/wp-content\/uploads\/2025\/06\/teaserfp2.jpg\" class=\"attachment-full size-full wp-image-3181\" alt=\"\" srcset=\"https:\/\/www.arluewa.de\/wp-content\/uploads\/2025\/06\/teaserfp2.jpg 369w, https:\/\/www.arluewa.de\/wp-content\/uploads\/2025\/06\/teaserfp2-300x289.jpg 300w\" sizes=\"(max-width: 369px) 100vw, 369px\" \/><\/a><\/figure><div class=\"elementor-image-box-content\"><h3 class=\"elementor-image-box-title\"><a href=\"https:\/\/www.arluewa.de\/fr\/histoire\/service-de-reparation\/\">appareils photos<\/a><\/h3><\/div><\/div>\t\t\t\t<\/div>\n\t\t\t\t<\/div>\n\t\t\t\t<div class=\"elementor-element elementor-element-a6f5018 elementor-position-top elementor-widget elementor-widget-image-box\" data-id=\"a6f5018\" data-element_type=\"widget\" data-e-type=\"widget\" data-widget_type=\"image-box.default\">\n\t\t\t\t<div class=\"elementor-widget-container\">\n\t\t\t\t\t<div class=\"elementor-image-box-wrapper\"><figure class=\"elementor-image-box-img\"><a href=\"https:\/\/www.arluewa.de\/fr\/histoire\/\" tabindex=\"-1\"><img loading=\"lazy\" decoding=\"async\" width=\"369\" height=\"356\" src=\"https:\/\/www.arluewa.de\/wp-content\/uploads\/2025\/06\/teaserfp3.jpg\" class=\"attachment-full size-full wp-image-3178\" alt=\"\" srcset=\"https:\/\/www.arluewa.de\/wp-content\/uploads\/2025\/06\/teaserfp3.jpg 369w, https:\/\/www.arluewa.de\/wp-content\/uploads\/2025\/06\/teaserfp3-300x289.jpg 300w\" sizes=\"(max-width: 369px) 100vw, 369px\" \/><\/a><\/figure><div class=\"elementor-image-box-content\"><h3 class=\"elementor-image-box-title\"><a href=\"https:\/\/www.arluewa.de\/fr\/histoire\/\">Histoire<\/a><\/h3><\/div><\/div>\t\t\t\t<\/div>\n\t\t\t\t<\/div>\n\t\t\t\t<\/div>\n\t\t\t\t<div class=\"elementor-element elementor-element-6a8ad50 elementor-widget elementor-widget-heading\" data-id=\"6a8ad50\" data-element_type=\"widget\" data-e-type=\"widget\" data-widget_type=\"heading.default\">\n\t\t\t\t<div class=\"elementor-widget-container\">\n\t\t\t\t\t<h2 class=\"elementor-heading-title elementor-size-default\">Expositions r\u00e9guli\u00e8res dans nos locaux et pr\u00e9sentations sur l\u2019Internet<\/h2>\t\t\t\t<\/div>\n\t\t\t\t<\/div>\n\t\t\t\t\t<\/div>\n\t\t\t\t<\/div>\n\t\t<div class=\"elementor-element elementor-element-3007bea e-con-full e-flex e-con e-parent\" data-id=\"3007bea\" data-element_type=\"container\" data-e-type=\"container\">\n\t\t<div class=\"elementor-element elementor-element-5eae5b1 e-grid e-con-full e-con e-child\" data-id=\"5eae5b1\" data-element_type=\"container\" data-e-type=\"container\">\n\t\t\t\t<div class=\"elementor-element elementor-element-f9ac5e1 elementor-widget__width-inherit elementor-widget elementor-widget-ucaddon_caption_hover_effects\" data-id=\"f9ac5e1\" data-element_type=\"widget\" data-e-type=\"widget\" data-widget_type=\"ucaddon_caption_hover_effects.default\">\n\t\t\t\t<div class=\"elementor-widget-container\">\n\t\t\t\t\t\n<!-- start Caption Hover Effects -->\n\t\t<link id='uc_ac_assets_file_uc_caption_hover_effects_css_10234-css' href='https:\/\/www.arluewa.de\/wp-content\/uploads\/ac_assets\/caption_hover_effects\/uc_caption_hover_effects.css' type='text\/css' rel='stylesheet' >\n\n<style>\/* widget: Caption Hover Effects *\/\n\n.uc_caption_hover_effects .uc_grid figcaption {\n    color: #ddd;\n}\n\n#uc_caption_hover_effects_elementor_f9ac5e1.uc_caption_hover_effects .uc_grid figcaption {\n    background: #CDA34E;\n}\n#uc_caption_hover_effects_elementor_f9ac5e1.uc_caption_hover_effects .uc_grid figcaption h3 {\n    margin-bottom: 20px;\n  \tfont-size: 1.5em;\n}\n#uc_caption_hover_effects_elementor_f9ac5e1.uc_caption_hover_effects .uc_grid figcaption a {\n    background: #dddddd;\n  \tborder-radius: 0px;\n    padding:0px;\n  \tcolor : #111;\n}\n#uc_caption_hover_effects_elementor_f9ac5e1.uc_caption_hover_effects .uc_grid figcaption a:hover {\n    background: #aaaaaa;\n}\n\n\n\n\n<\/style>\n\n<div class=\"uc_caption_hover_effects\" id=\"uc_caption_hover_effects_elementor_f9ac5e1\">\n  <div class=\"uc_grid uc-style-1\">\n    <a href=\"https:\/\/www.arluewa.de\/fr\/galerie\/les-femmes\/\" >\n    <div class=\"uc_grid_box\">\n      <figure>\n        <img decoding=\"async\" src=\"https:\/\/www.arluewa.de\/wp-content\/uploads\/2025\/06\/portf1.jpg\" alt=\"\" style=\"display:block;\">\n        <figcaption>\n          <div>\n                    \t<h3><span  class=\"uc_style_caption_hover_effects_elementor_title\" >LES FEMMES: Photolithographies de Reinhard Czens<\/span><\/h3>\n          \t          \n                              \n          \t\n          <\/div>\n        <\/figcaption>\n      <\/figure>\n    <\/div><\/a>\n  <\/div>\n<\/div>\n<!-- end Caption Hover Effects -->\t\t\t\t<\/div>\n\t\t\t\t<\/div>\n\t\t\t\t<div class=\"elementor-element elementor-element-f8c4775 elementor-widget__width-inherit elementor-widget elementor-widget-ucaddon_caption_hover_effects\" data-id=\"f8c4775\" data-element_type=\"widget\" data-e-type=\"widget\" data-widget_type=\"ucaddon_caption_hover_effects.default\">\n\t\t\t\t<div class=\"elementor-widget-container\">\n\t\t\t\t\t\n<!-- start Caption Hover Effects -->\n\n<style>\/* widget: Caption Hover Effects *\/\n\n.uc_caption_hover_effects .uc_grid figcaption {\n    color: #ddd;\n}\n\n#uc_caption_hover_effects_elementor_f8c4775.uc_caption_hover_effects .uc_grid figcaption {\n    background: #CDA34E;\n}\n#uc_caption_hover_effects_elementor_f8c4775.uc_caption_hover_effects .uc_grid figcaption h3 {\n    margin-bottom: 0px;\n  \tfont-size: 1.5em;\n}\n#uc_caption_hover_effects_elementor_f8c4775.uc_caption_hover_effects .uc_grid figcaption a {\n    background: #dddddd;\n  \tborder-radius: 0px;\n    padding:0px;\n  \tcolor : #111;\n}\n#uc_caption_hover_effects_elementor_f8c4775.uc_caption_hover_effects .uc_grid figcaption a:hover {\n    background: #aaaaaa;\n}\n\n\n\n\n<\/style>\n\n<div class=\"uc_caption_hover_effects\" id=\"uc_caption_hover_effects_elementor_f8c4775\">\n  <div class=\"uc_grid uc-style-1\">\n    <a href=\"https:\/\/www.arluewa.de\/fr\/galerie\/photos-stenope-par-ferdi-stotz\/\" >\n    <div class=\"uc_grid_box\">\n      <figure>\n        <img decoding=\"async\" src=\"https:\/\/www.arluewa.de\/wp-content\/uploads\/2025\/06\/portf2.jpg\" alt=\"\" style=\"display:block;\">\n        <figcaption>\n          <div>\n                    \t<h3><span  class=\"uc_style_caption_hover_effects_elementor_title\" style=\"margin-top: -30px;\">Photos st\u00e9nop\u00e9 par Ferdi Stotz<\/span><\/h3>\n          \t          \n                    \t<span>r\u00e9alis\u00e9 avec un st\u00e9nop\u00e9 mod\u00e8le Agfa Isolette construit par ARL\u00dcWA<\/span>\n          \t          \n          \t\n          <\/div>\n        <\/figcaption>\n      <\/figure>\n    <\/div><\/a>\n  <\/div>\n<\/div>\n<!-- end Caption Hover Effects -->\t\t\t\t<\/div>\n\t\t\t\t<\/div>\n\t\t\t\t<div class=\"elementor-element elementor-element-063cce2 elementor-widget__width-inherit elementor-widget elementor-widget-ucaddon_caption_hover_effects\" data-id=\"063cce2\" data-element_type=\"widget\" data-e-type=\"widget\" data-widget_type=\"ucaddon_caption_hover_effects.default\">\n\t\t\t\t<div class=\"elementor-widget-container\">\n\t\t\t\t\t\n<!-- start Caption Hover Effects -->\n\n<style>\/* widget: Caption Hover Effects *\/\n\n.uc_caption_hover_effects .uc_grid figcaption {\n    color: #ddd;\n}\n\n#uc_caption_hover_effects_elementor_063cce2.uc_caption_hover_effects .uc_grid figcaption {\n    background: #CDA34E;\n}\n#uc_caption_hover_effects_elementor_063cce2.uc_caption_hover_effects .uc_grid figcaption h3 {\n    margin-bottom: 20px;\n  \tfont-size: 1.5em;\n}\n#uc_caption_hover_effects_elementor_063cce2.uc_caption_hover_effects .uc_grid figcaption a {\n    background: #dddddd;\n  \tborder-radius: 0px;\n    padding:0px;\n  \tcolor : #111;\n}\n#uc_caption_hover_effects_elementor_063cce2.uc_caption_hover_effects .uc_grid figcaption a:hover {\n    background: #aaaaaa;\n}\n\n\n\n\n<\/style>\n\n<div class=\"uc_caption_hover_effects\" id=\"uc_caption_hover_effects_elementor_063cce2\">\n  <div class=\"uc_grid uc-style-1\">\n    <a href=\"https:\/\/www.arluewa.de\/fr\/galerie\/marylene-czens-aquarelles\/\" >\n    <div class=\"uc_grid_box\">\n      <figure>\n        <img decoding=\"async\" src=\"https:\/\/www.arluewa.de\/wp-content\/uploads\/2025\/06\/portf3.jpg\" alt=\"\" style=\"display:block;\">\n        <figcaption>\n          <div>\n                    \t<h3><span  class=\"uc_style_caption_hover_effects_elementor_title\" >Marylene CZENS Aquarelles<\/span><\/h3>\n          \t          \n                              \n          \t\n          <\/div>\n        <\/figcaption>\n      <\/figure>\n    <\/div><\/a>\n  <\/div>\n<\/div>\n<!-- end Caption Hover Effects -->\t\t\t\t<\/div>\n\t\t\t\t<\/div>\n\t\t\t\t<div class=\"elementor-element elementor-element-426b6cd elementor-widget__width-inherit elementor-widget elementor-widget-ucaddon_caption_hover_effects\" data-id=\"426b6cd\" data-element_type=\"widget\" data-e-type=\"widget\" data-widget_type=\"ucaddon_caption_hover_effects.default\">\n\t\t\t\t<div class=\"elementor-widget-container\">\n\t\t\t\t\t\n<!-- start Caption Hover Effects -->\n\n<style>\/* widget: Caption Hover Effects *\/\n\n.uc_caption_hover_effects .uc_grid figcaption {\n    color: #ddd;\n}\n\n#uc_caption_hover_effects_elementor_426b6cd.uc_caption_hover_effects .uc_grid figcaption {\n    background: #CDA34E;\n}\n#uc_caption_hover_effects_elementor_426b6cd.uc_caption_hover_effects .uc_grid figcaption h3 {\n    margin-bottom: 20px;\n  \tfont-size: 1.5em;\n}\n#uc_caption_hover_effects_elementor_426b6cd.uc_caption_hover_effects .uc_grid figcaption a {\n    background: #dddddd;\n  \tborder-radius: 0px;\n    padding:0px;\n  \tcolor : #111;\n}\n#uc_caption_hover_effects_elementor_426b6cd.uc_caption_hover_effects .uc_grid figcaption a:hover {\n    background: #aaaaaa;\n}\n\n\n\n\n<\/style>\n\n<div class=\"uc_caption_hover_effects\" id=\"uc_caption_hover_effects_elementor_426b6cd\">\n  <div class=\"uc_grid uc-style-1\">\n    <a href=\"https:\/\/www.arluewa.de\/fr\/galerie\/hommes-les-lieux\/\" >\n    <div class=\"uc_grid_box\">\n      <figure>\n        <img decoding=\"async\" src=\"https:\/\/www.arluewa.de\/wp-content\/uploads\/2025\/06\/portf4.jpg\" alt=\"\" style=\"display:block;\">\n        <figcaption>\n          <div>\n                    \t<h3><span  class=\"uc_style_caption_hover_effects_elementor_title\" >HOMMES LES LIEUX:  Cyanotypes de Reinhard Czens<\/span><\/h3>\n          \t          \n                              \n          \t\n          <\/div>\n        <\/figcaption>\n      <\/figure>\n    <\/div><\/a>\n  <\/div>\n<\/div>\n<!-- end Caption Hover Effects -->\t\t\t\t<\/div>\n\t\t\t\t<\/div>\n\t\t\t\t<div class=\"elementor-element elementor-element-56b4285 elementor-widget__width-inherit elementor-widget elementor-widget-ucaddon_caption_hover_effects\" data-id=\"56b4285\" data-element_type=\"widget\" data-e-type=\"widget\" data-widget_type=\"ucaddon_caption_hover_effects.default\">\n\t\t\t\t<div class=\"elementor-widget-container\">\n\t\t\t\t\t\n<!-- start Caption Hover Effects -->\n\n<style>\/* widget: Caption Hover Effects *\/\n\n.uc_caption_hover_effects .uc_grid figcaption {\n    color: #ddd;\n}\n\n#uc_caption_hover_effects_elementor_56b4285.uc_caption_hover_effects .uc_grid figcaption {\n    background: #CDA34E;\n}\n#uc_caption_hover_effects_elementor_56b4285.uc_caption_hover_effects .uc_grid figcaption h3 {\n    margin-bottom: 20px;\n  \tfont-size: 1.5em;\n}\n#uc_caption_hover_effects_elementor_56b4285.uc_caption_hover_effects .uc_grid figcaption a {\n    background: #dddddd;\n  \tborder-radius: 0px;\n    padding:0px;\n  \tcolor : #111;\n}\n#uc_caption_hover_effects_elementor_56b4285.uc_caption_hover_effects .uc_grid figcaption a:hover {\n    background: #aaaaaa;\n}\n\n\n\n\n<\/style>\n\n<div class=\"uc_caption_hover_effects\" id=\"uc_caption_hover_effects_elementor_56b4285\">\n  <div class=\"uc_grid uc-style-1\">\n    <a href=\"https:\/\/www.arluewa.de\/fr\/galerie\/notes-urbaines\/\" >\n    <div class=\"uc_grid_box\">\n      <figure>\n        <img decoding=\"async\" src=\"https:\/\/www.arluewa.de\/wp-content\/uploads\/2025\/06\/portf5.jpg\" alt=\"\" style=\"display:block;\">\n        <figcaption>\n          <div>\n                    \t<h3><span  class=\"uc_style_caption_hover_effects_elementor_title\" >Notes urbaines:  Photolithographies de Reinhard Czens<\/span><\/h3>\n          \t          \n                              \n          \t\n          <\/div>\n        <\/figcaption>\n      <\/figure>\n    <\/div><\/a>\n  <\/div>\n<\/div>\n<!-- end Caption Hover Effects -->\t\t\t\t<\/div>\n\t\t\t\t<\/div>\n\t\t\t\t<div class=\"elementor-element elementor-element-9e09091 elementor-widget__width-inherit elementor-widget elementor-widget-ucaddon_caption_hover_effects\" data-id=\"9e09091\" data-element_type=\"widget\" data-e-type=\"widget\" data-widget_type=\"ucaddon_caption_hover_effects.default\">\n\t\t\t\t<div class=\"elementor-widget-container\">\n\t\t\t\t\t\n<!-- start Caption Hover Effects -->\n\n<style>\/* widget: Caption Hover Effects *\/\n\n.uc_caption_hover_effects .uc_grid figcaption {\n    color: #ddd;\n}\n\n#uc_caption_hover_effects_elementor_9e09091.uc_caption_hover_effects .uc_grid figcaption {\n    background: #CDA34E;\n}\n#uc_caption_hover_effects_elementor_9e09091.uc_caption_hover_effects .uc_grid figcaption h3 {\n    margin-bottom: 20px;\n  \tfont-size: 1.5em;\n}\n#uc_caption_hover_effects_elementor_9e09091.uc_caption_hover_effects .uc_grid figcaption a {\n    background: #dddddd;\n  \tborder-radius: 0px;\n    padding:0px;\n  \tcolor : #111;\n}\n#uc_caption_hover_effects_elementor_9e09091.uc_caption_hover_effects .uc_grid figcaption a:hover {\n    background: #aaaaaa;\n}\n\n\n\n\n<\/style>\n\n<div class=\"uc_caption_hover_effects\" id=\"uc_caption_hover_effects_elementor_9e09091\">\n  <div class=\"uc_grid uc-style-1\">\n    <a href=\"https:\/\/www.arluewa.de\/fr\/galerie\/portraits-de-fleurs\/\" >\n    <div class=\"uc_grid_box\">\n      <figure>\n        <img decoding=\"async\" src=\"https:\/\/www.arluewa.de\/wp-content\/uploads\/2025\/06\/portf6.jpg\" alt=\"\" style=\"display:block;\">\n        <figcaption>\n          <div>\n                    \t<h3><span  class=\"uc_style_caption_hover_effects_elementor_title\" >Portraits de fleurs  de Reinhard Czens<\/span><\/h3>\n          \t          \n                              \n          \t\n          <\/div>\n        <\/figcaption>\n      <\/figure>\n    <\/div><\/a>\n  <\/div>\n<\/div>\n<!-- end Caption Hover Effects -->\t\t\t\t<\/div>\n\t\t\t\t<\/div>\n\t\t\t\t<\/div>\n\t\t\t\t<\/div>\n\t\t\t\t<\/div>\n\t\t","protected":false},"excerpt":{"rendered":"<p>Arl\u00fcwa s\u2019occuppe depuis plus de 60 ans de la r\u00e9paration et de l\u2019entretien d\u2019appareils photos argentiques. Nous r\u00e9parons vos tr\u00e9sors anciens avec beaucoup d\u2019exp\u00e9rience et de minutie. En plus des r\u00e9parations et de l\u2019entretien, nous vous proposons des transformations et modifications d\u2019appareil photos, d\u2019objectifs, d\u2019obturateurs et t\u00e9l\u00e9m\u00e8tres. &nbsp; Nous vous prions de joindre le bordereau [&hellip;]<\/p>\n","protected":false},"author":3,"featured_media":0,"parent":0,"menu_order":0,"comment_status":"closed","ping_status":"closed","template":"elementor_header_footer","meta":{"ocean_post_layout":"","ocean_both_sidebars_style":"","ocean_both_sidebars_content_width":0,"ocean_both_sidebars_sidebars_width":0,"ocean_sidebar":"","ocean_second_sidebar":"","ocean_disable_margins":"enable","ocean_add_body_class":"","ocean_shortcode_before_top_bar":"","ocean_shortcode_after_top_bar":"","ocean_shortcode_before_header":"","ocean_shortcode_after_header":"","ocean_has_shortcode":"","ocean_shortcode_after_title":"","ocean_shortcode_before_footer_widgets":"","ocean_shortcode_after_footer_widgets":"","ocean_shortcode_before_footer_bottom":"","ocean_shortcode_after_footer_bottom":"","ocean_display_top_bar":"default","ocean_display_header":"default","ocean_header_style":"","ocean_center_header_left_menu":"","ocean_custom_header_template":"","ocean_custom_logo":0,"ocean_custom_retina_logo":0,"ocean_custom_logo_max_width":0,"ocean_custom_logo_tablet_max_width":0,"ocean_custom_logo_mobile_max_width":0,"ocean_custom_logo_max_height":0,"ocean_custom_logo_tablet_max_height":0,"ocean_custom_logo_mobile_max_height":0,"ocean_header_custom_menu":"","ocean_menu_typo_font_family":"","ocean_menu_typo_font_subset":"","ocean_menu_typo_font_size":0,"ocean_menu_typo_font_size_tablet":0,"ocean_menu_typo_font_size_mobile":0,"ocean_menu_typo_font_size_unit":"px","ocean_menu_typo_font_weight":"","ocean_menu_typo_font_weight_tablet":"","ocean_menu_typo_font_weight_mobile":"","ocean_menu_typo_transform":"","ocean_menu_typo_transform_tablet":"","ocean_menu_typo_transform_mobile":"","ocean_menu_typo_line_height":0,"ocean_menu_typo_line_height_tablet":0,"ocean_menu_typo_line_height_mobile":0,"ocean_menu_typo_line_height_unit":"","ocean_menu_typo_spacing":0,"ocean_menu_typo_spacing_tablet":0,"ocean_menu_typo_spacing_mobile":0,"ocean_menu_typo_spacing_unit":"","ocean_menu_link_color":"","ocean_menu_link_color_hover":"","ocean_menu_link_color_active":"","ocean_menu_link_background":"","ocean_menu_link_hover_background":"","ocean_menu_link_active_background":"","ocean_menu_social_links_bg":"","ocean_menu_social_hover_links_bg":"","ocean_menu_social_links_color":"","ocean_menu_social_hover_links_color":"","ocean_disable_title":"default","ocean_disable_heading":"default","ocean_post_title":"","ocean_post_subheading":"","ocean_post_title_style":"","ocean_post_title_background_color":"","ocean_post_title_background":0,"ocean_post_title_bg_image_position":"","ocean_post_title_bg_image_attachment":"","ocean_post_title_bg_image_repeat":"","ocean_post_title_bg_image_size":"","ocean_post_title_height":0,"ocean_post_title_bg_overlay":0.5,"ocean_post_title_bg_overlay_color":"","ocean_disable_breadcrumbs":"default","ocean_breadcrumbs_color":"","ocean_breadcrumbs_separator_color":"","ocean_breadcrumbs_links_color":"","ocean_breadcrumbs_links_hover_color":"","ocean_display_footer_widgets":"default","ocean_display_footer_bottom":"default","ocean_custom_footer_template":"","footnotes":""},"class_list":["post-1046","page","type-page","status-publish","hentry","entry"],"_links":{"self":[{"href":"https:\/\/www.arluewa.de\/fr\/wp-json\/wp\/v2\/pages\/1046","targetHints":{"allow":["GET"]}}],"collection":[{"href":"https:\/\/www.arluewa.de\/fr\/wp-json\/wp\/v2\/pages"}],"about":[{"href":"https:\/\/www.arluewa.de\/fr\/wp-json\/wp\/v2\/types\/page"}],"author":[{"embeddable":true,"href":"https:\/\/www.arluewa.de\/fr\/wp-json\/wp\/v2\/users\/3"}],"replies":[{"embeddable":true,"href":"https:\/\/www.arluewa.de\/fr\/wp-json\/wp\/v2\/comments?post=1046"}],"version-history":[{"count":37,"href":"https:\/\/www.arluewa.de\/fr\/wp-json\/wp\/v2\/pages\/1046\/revisions"}],"predecessor-version":[{"id":3886,"href":"https:\/\/www.arluewa.de\/fr\/wp-json\/wp\/v2\/pages\/1046\/revisions\/3886"}],"wp:attachment":[{"href":"https:\/\/www.arluewa.de\/fr\/wp-json\/wp\/v2\/media?parent=1046"}],"curies":[{"name":"wp","href":"https:\/\/api.w.org\/{rel}","templated":true}]}}