{"id":1050,"date":"2016-05-14T19:26:55","date_gmt":"2016-05-14T19:26:55","guid":{"rendered":"https:\/\/www.arluewa.de\/\/fr\/?page_id=1050"},"modified":"2025-06-22T09:22:03","modified_gmt":"2025-06-22T09:22:03","slug":"histoire","status":"publish","type":"page","link":"https:\/\/www.arluewa.de\/fr\/histoire\/","title":{"rendered":"A notre sujet, l&rsquo;\u00e9quipe"},"content":{"rendered":"\t\t<div data-elementor-type=\"wp-page\" data-elementor-id=\"1050\" class=\"elementor elementor-1050 elementor-41\">\n\t\t\t\t<div class=\"elementor-element elementor-element-2fcc5f00 e-flex e-con-boxed e-con e-parent\" data-id=\"2fcc5f00\" data-element_type=\"container\" data-e-type=\"container\">\n\t\t\t\t\t<div class=\"e-con-inner\">\n\t\t\t\t<div class=\"elementor-element elementor-element-0e001bc elementor-widget elementor-widget-heading\" data-id=\"0e001bc\" data-element_type=\"widget\" data-e-type=\"widget\" data-widget_type=\"heading.default\">\n\t\t\t\t<div class=\"elementor-widget-container\">\n\t\t\t\t\t<h1 class=\"elementor-heading-title elementor-size-default\">Histoire<\/h1>\t\t\t\t<\/div>\n\t\t\t\t<\/div>\n\t\t<div class=\"elementor-element elementor-element-bdf8257 e-grid e-con-full e-con e-child\" data-id=\"bdf8257\" data-element_type=\"container\" data-e-type=\"container\">\n\t\t\t\t<div class=\"elementor-element elementor-element-acab3bf elementor-widget elementor-widget-image\" data-id=\"acab3bf\" data-element_type=\"widget\" data-e-type=\"widget\" data-widget_type=\"image.default\">\n\t\t\t\t<div class=\"elementor-widget-container\">\n\t\t\t\t\t\t\t\t\t\t\t\t\t\t\t\t<a href=\"https:\/\/www.arluewa.de\/wp-content\/uploads\/2025\/06\/about1.jpg\" data-elementor-open-lightbox=\"yes\" data-elementor-lightbox-title=\"about1\" data-e-action-hash=\"#elementor-action%3Aaction%3Dlightbox%26settings%3DeyJpZCI6MzI1MSwidXJsIjoiaHR0cHM6XC9cL3d3dy5hcmx1ZXdhLmRlXC93cC1jb250ZW50XC91cGxvYWRzXC8yMDI1XC8wNlwvYWJvdXQxLmpwZyJ9\">\n\t\t\t\t\t\t\t<img fetchpriority=\"high\" decoding=\"async\" width=\"300\" height=\"217\" src=\"https:\/\/www.arluewa.de\/wp-content\/uploads\/2025\/06\/about1.jpg\" class=\"attachment-full size-full wp-image-3251\" alt=\"\" \/>\t\t\t\t\t\t\t\t<\/a>\n\t\t\t\t\t\t\t\t\t\t\t\t\t\t\t<\/div>\n\t\t\t\t<\/div>\n\t\t\t\t<div class=\"elementor-element elementor-element-92e7b3f elementor-widget elementor-widget-image\" data-id=\"92e7b3f\" data-element_type=\"widget\" data-e-type=\"widget\" data-widget_type=\"image.default\">\n\t\t\t\t<div class=\"elementor-widget-container\">\n\t\t\t\t\t\t\t\t\t\t\t\t\t\t\t\t<a href=\"https:\/\/www.arluewa.de\/wp-content\/uploads\/2025\/06\/about2.jpg\" data-elementor-open-lightbox=\"yes\" data-elementor-lightbox-title=\"about2\" data-e-action-hash=\"#elementor-action%3Aaction%3Dlightbox%26settings%3DeyJpZCI6MzI0OCwidXJsIjoiaHR0cHM6XC9cL3d3dy5hcmx1ZXdhLmRlXC93cC1jb250ZW50XC91cGxvYWRzXC8yMDI1XC8wNlwvYWJvdXQyLmpwZyJ9\">\n\t\t\t\t\t\t\t<img decoding=\"async\" width=\"300\" height=\"217\" src=\"https:\/\/www.arluewa.de\/wp-content\/uploads\/2025\/06\/about2.jpg\" class=\"attachment-full size-full wp-image-3248\" alt=\"\" \/>\t\t\t\t\t\t\t\t<\/a>\n\t\t\t\t\t\t\t\t\t\t\t\t\t\t\t<\/div>\n\t\t\t\t<\/div>\n\t\t\t\t<div class=\"elementor-element elementor-element-2a8c26c elementor-widget elementor-widget-image\" data-id=\"2a8c26c\" data-element_type=\"widget\" data-e-type=\"widget\" data-widget_type=\"image.default\">\n\t\t\t\t<div class=\"elementor-widget-container\">\n\t\t\t\t\t\t\t\t\t\t\t\t\t\t\t\t<a href=\"https:\/\/www.arluewa.de\/wp-content\/uploads\/2025\/06\/about3.jpg\" data-elementor-open-lightbox=\"yes\" data-elementor-lightbox-title=\"about3\" data-e-action-hash=\"#elementor-action%3Aaction%3Dlightbox%26settings%3DeyJpZCI6MzI0NSwidXJsIjoiaHR0cHM6XC9cL3d3dy5hcmx1ZXdhLmRlXC93cC1jb250ZW50XC91cGxvYWRzXC8yMDI1XC8wNlwvYWJvdXQzLmpwZyJ9\">\n\t\t\t\t\t\t\t<img decoding=\"async\" width=\"300\" height=\"217\" src=\"https:\/\/www.arluewa.de\/wp-content\/uploads\/2025\/06\/about3.jpg\" class=\"attachment-full size-full wp-image-3245\" alt=\"\" \/>\t\t\t\t\t\t\t\t<\/a>\n\t\t\t\t\t\t\t\t\t\t\t\t\t\t\t<\/div>\n\t\t\t\t<\/div>\n\t\t\t\t<div class=\"elementor-element elementor-element-2efb6b6 elementor-widget elementor-widget-image\" data-id=\"2efb6b6\" data-element_type=\"widget\" data-e-type=\"widget\" data-widget_type=\"image.default\">\n\t\t\t\t<div class=\"elementor-widget-container\">\n\t\t\t\t\t\t\t\t\t\t\t\t\t\t\t\t<a href=\"https:\/\/www.arluewa.de\/wp-content\/uploads\/2025\/06\/about4.jpg\" data-elementor-open-lightbox=\"yes\" data-elementor-lightbox-title=\"about4\" data-e-action-hash=\"#elementor-action%3Aaction%3Dlightbox%26settings%3DeyJpZCI6MzI0MiwidXJsIjoiaHR0cHM6XC9cL3d3dy5hcmx1ZXdhLmRlXC93cC1jb250ZW50XC91cGxvYWRzXC8yMDI1XC8wNlwvYWJvdXQ0LmpwZyJ9\">\n\t\t\t\t\t\t\t<img loading=\"lazy\" decoding=\"async\" width=\"300\" height=\"217\" src=\"https:\/\/www.arluewa.de\/wp-content\/uploads\/2025\/06\/about4.jpg\" class=\"attachment-full size-full wp-image-3242\" alt=\"\" \/>\t\t\t\t\t\t\t\t<\/a>\n\t\t\t\t\t\t\t\t\t\t\t\t\t\t\t<\/div>\n\t\t\t\t<\/div>\n\t\t\t\t<\/div>\n\t\t\t\t<div class=\"elementor-element elementor-element-fb55ce4 elementor-widget elementor-widget-text-editor\" data-id=\"fb55ce4\" data-element_type=\"widget\" data-e-type=\"widget\" data-widget_type=\"text-editor.default\">\n\t\t\t\t<div class=\"elementor-widget-container\">\n\t\t\t\t\t\t\t\t\t<p>Arl\u00fcwa KG a \u00e9t\u00e9 fond\u00e9e en 1962 en tant qu\u2019atelier de r\u00e9paration pour mat\u00e9riel photographique de c\u00e9l\u00e8bres constructeurs de l\u2019\u00e9poque comme: Rollei, Zeiss-Ikon, Kodak, Pentacon ou bien Voigtl\u00e4nder noms qui se lisent comme dans un album de famille des constructeurs d\u2019\u00e9lite de l\u2019\u00e9poque. Les appareils photos de haute gamme et les obturateurs (compur, copal) font \u00e9galement partie du programme.<\/p>\n\t\t\t\t\t\t\t\t<\/div>\n\t\t\t\t<\/div>\n\t\t<div class=\"elementor-element elementor-element-50be0f5 e-grid e-con-full e-con e-child\" data-id=\"50be0f5\" data-element_type=\"container\" data-e-type=\"container\">\n\t\t\t\t<div class=\"elementor-element elementor-element-1afefdb elementor-widget elementor-widget-image\" data-id=\"1afefdb\" data-element_type=\"widget\" data-e-type=\"widget\" data-widget_type=\"image.default\">\n\t\t\t\t<div class=\"elementor-widget-container\">\n\t\t\t\t\t\t\t\t\t\t\t\t<figure class=\"wp-caption\">\n\t\t\t\t\t\t\t\t\t\t<img loading=\"lazy\" decoding=\"async\" width=\"217\" height=\"300\" src=\"https:\/\/www.arluewa.de\/wp-content\/uploads\/2025\/06\/about5.jpg\" class=\"attachment-full size-full wp-image-3254\" alt=\"\" \/>\t\t\t\t\t\t\t\t\t\t\t<figcaption class=\"widget-image-caption wp-caption-text\">Reinhard Czens<\/figcaption>\n\t\t\t\t\t\t\t\t\t\t<\/figure>\n\t\t\t\t\t\t\t\t\t<\/div>\n\t\t\t\t<\/div>\n\t\t\t\t<div class=\"elementor-element elementor-element-424e54c elementor-widget elementor-widget-image\" data-id=\"424e54c\" data-element_type=\"widget\" data-e-type=\"widget\" data-widget_type=\"image.default\">\n\t\t\t\t<div class=\"elementor-widget-container\">\n\t\t\t\t\t\t\t\t\t\t\t\t<figure class=\"wp-caption\">\n\t\t\t\t\t\t\t\t\t\t<img loading=\"lazy\" decoding=\"async\" width=\"217\" height=\"300\" src=\"https:\/\/www.arluewa.de\/wp-content\/uploads\/2025\/06\/about6.jpg\" class=\"attachment-full size-full wp-image-3257\" alt=\"\" \/>\t\t\t\t\t\t\t\t\t\t\t<figcaption class=\"widget-image-caption wp-caption-text\">Maryl\u00e8ne Czens<\/figcaption>\n\t\t\t\t\t\t\t\t\t\t<\/figure>\n\t\t\t\t\t\t\t\t\t<\/div>\n\t\t\t\t<\/div>\n\t\t\t\t<\/div>\n\t\t\t\t<div class=\"elementor-element elementor-element-5925f6e elementor-widget elementor-widget-text-editor\" data-id=\"5925f6e\" data-element_type=\"widget\" data-e-type=\"widget\" data-widget_type=\"text-editor.default\">\n\t\t\t\t<div class=\"elementor-widget-container\">\n\t\t\t\t\t\t\t\t\t<p>En 1992 Maryl\u00e8ne et Reinhard Czens prennent la succession de la soci\u00e9t\u00e9 Arl\u00fcwa KG en tant qu\u2019Arl\u00fcwa Czens GmbH. Notre service est recommand\u00e9 par les firmes Minolta, Pentax et Minox. Actuellement notre atelier se situe au centre de Cologne. Nous proposons un service de r\u00e9paration pour les appareils photos argentiques des cinquantes derni\u00e8res ann\u00e9es.<\/p>\n\t\t\t\t\t\t\t\t<\/div>\n\t\t\t\t<\/div>\n\t\t\t\t\t<\/div>\n\t\t\t\t<\/div>\n\t\t\t\t<\/div>\n\t\t","protected":false},"excerpt":{"rendered":"<p>Histoire Arl\u00fcwa KG a \u00e9t\u00e9 fond\u00e9e en 1962 en tant qu\u2019atelier de r\u00e9paration pour mat\u00e9riel photographique de c\u00e9l\u00e8bres constructeurs de l\u2019\u00e9poque comme: Rollei, Zeiss-Ikon, Kodak, Pentacon ou bien Voigtl\u00e4nder noms qui se lisent comme dans un album de famille des constructeurs d\u2019\u00e9lite de l\u2019\u00e9poque. Les appareils photos de haute gamme et les obturateurs (compur, copal) [&hellip;]<\/p>\n","protected":false},"author":3,"featured_media":0,"parent":0,"menu_order":1,"comment_status":"closed","ping_status":"closed","template":"elementor_header_footer","meta":{"ocean_post_layout":"","ocean_both_sidebars_style":"","ocean_both_sidebars_content_width":0,"ocean_both_sidebars_sidebars_width":0,"ocean_sidebar":"","ocean_second_sidebar":"","ocean_disable_margins":"enable","ocean_add_body_class":"","ocean_shortcode_before_top_bar":"","ocean_shortcode_after_top_bar":"","ocean_shortcode_before_header":"","ocean_shortcode_after_header":"","ocean_has_shortcode":"","ocean_shortcode_after_title":"","ocean_shortcode_before_footer_widgets":"","ocean_shortcode_after_footer_widgets":"","ocean_shortcode_before_footer_bottom":"","ocean_shortcode_after_footer_bottom":"","ocean_display_top_bar":"default","ocean_display_header":"default","ocean_header_style":"","ocean_center_header_left_menu":"","ocean_custom_header_template":"","ocean_custom_logo":0,"ocean_custom_retina_logo":0,"ocean_custom_logo_max_width":0,"ocean_custom_logo_tablet_max_width":0,"ocean_custom_logo_mobile_max_width":0,"ocean_custom_logo_max_height":0,"ocean_custom_logo_tablet_max_height":0,"ocean_custom_logo_mobile_max_height":0,"ocean_header_custom_menu":"","ocean_menu_typo_font_family":"","ocean_menu_typo_font_subset":"","ocean_menu_typo_font_size":0,"ocean_menu_typo_font_size_tablet":0,"ocean_menu_typo_font_size_mobile":0,"ocean_menu_typo_font_size_unit":"px","ocean_menu_typo_font_weight":"","ocean_menu_typo_font_weight_tablet":"","ocean_menu_typo_font_weight_mobile":"","ocean_menu_typo_transform":"","ocean_menu_typo_transform_tablet":"","ocean_menu_typo_transform_mobile":"","ocean_menu_typo_line_height":0,"ocean_menu_typo_line_height_tablet":0,"ocean_menu_typo_line_height_mobile":0,"ocean_menu_typo_line_height_unit":"","ocean_menu_typo_spacing":0,"ocean_menu_typo_spacing_tablet":0,"ocean_menu_typo_spacing_mobile":0,"ocean_menu_typo_spacing_unit":"","ocean_menu_link_color":"","ocean_menu_link_color_hover":"","ocean_menu_link_color_active":"","ocean_menu_link_background":"","ocean_menu_link_hover_background":"","ocean_menu_link_active_background":"","ocean_menu_social_links_bg":"","ocean_menu_social_hover_links_bg":"","ocean_menu_social_links_color":"","ocean_menu_social_hover_links_color":"","ocean_disable_title":"default","ocean_disable_heading":"default","ocean_post_title":"","ocean_post_subheading":"","ocean_post_title_style":"","ocean_post_title_background_color":"","ocean_post_title_background":0,"ocean_post_title_bg_image_position":"","ocean_post_title_bg_image_attachment":"","ocean_post_title_bg_image_repeat":"","ocean_post_title_bg_image_size":"","ocean_post_title_height":0,"ocean_post_title_bg_overlay":0.5,"ocean_post_title_bg_overlay_color":"","ocean_disable_breadcrumbs":"default","ocean_breadcrumbs_color":"","ocean_breadcrumbs_separator_color":"","ocean_breadcrumbs_links_color":"","ocean_breadcrumbs_links_hover_color":"","ocean_display_footer_widgets":"default","ocean_display_footer_bottom":"default","ocean_custom_footer_template":"","footnotes":""},"class_list":["post-1050","page","type-page","status-publish","hentry","entry"],"_links":{"self":[{"href":"https:\/\/www.arluewa.de\/fr\/wp-json\/wp\/v2\/pages\/1050","targetHints":{"allow":["GET"]}}],"collection":[{"href":"https:\/\/www.arluewa.de\/fr\/wp-json\/wp\/v2\/pages"}],"about":[{"href":"https:\/\/www.arluewa.de\/fr\/wp-json\/wp\/v2\/types\/page"}],"author":[{"embeddable":true,"href":"https:\/\/www.arluewa.de\/fr\/wp-json\/wp\/v2\/users\/3"}],"replies":[{"embeddable":true,"href":"https:\/\/www.arluewa.de\/fr\/wp-json\/wp\/v2\/comments?post=1050"}],"version-history":[{"count":9,"href":"https:\/\/www.arluewa.de\/fr\/wp-json\/wp\/v2\/pages\/1050\/revisions"}],"predecessor-version":[{"id":3799,"href":"https:\/\/www.arluewa.de\/fr\/wp-json\/wp\/v2\/pages\/1050\/revisions\/3799"}],"wp:attachment":[{"href":"https:\/\/www.arluewa.de\/fr\/wp-json\/wp\/v2\/media?parent=1050"}],"curies":[{"name":"wp","href":"https:\/\/api.w.org\/{rel}","templated":true}]}}