{"id":1058,"date":"2016-05-11T16:02:27","date_gmt":"2016-05-11T16:02:27","guid":{"rendered":"https:\/\/www.arluewa.de\/\/fr\/?page_id=1058"},"modified":"2025-06-22T09:19:03","modified_gmt":"2025-06-22T09:19:03","slug":"atelier","status":"publish","type":"page","link":"https:\/\/www.arluewa.de\/fr\/atelier\/","title":{"rendered":"Dans l&rsquo;atelier"},"content":{"rendered":"\t\t<div data-elementor-type=\"wp-page\" data-elementor-id=\"1058\" class=\"elementor elementor-1058 elementor-545\">\n\t\t\t\t<div class=\"elementor-element elementor-element-2a20a509 e-flex e-con-boxed e-con e-parent\" data-id=\"2a20a509\" data-element_type=\"container\" data-e-type=\"container\">\n\t\t\t\t\t<div class=\"e-con-inner\">\n\t\t\t\t<div class=\"elementor-element elementor-element-e2deb43 elementor-widget elementor-widget-heading\" data-id=\"e2deb43\" data-element_type=\"widget\" data-e-type=\"widget\" data-widget_type=\"heading.default\">\n\t\t\t\t<div class=\"elementor-widget-container\">\n\t\t\t\t\t<h1 class=\"elementor-heading-title elementor-size-default\">des photos en disent plus que des longs discours, en voici quelques unes de l\u2019atelier<\/h1>\t\t\t\t<\/div>\n\t\t\t\t<\/div>\n\t\t<div class=\"elementor-element elementor-element-36cc596 e-grid e-con-full e-con e-child\" data-id=\"36cc596\" data-element_type=\"container\" data-e-type=\"container\">\n\t\t\t\t<div class=\"elementor-element elementor-element-66e480e elementor-widget elementor-widget-image\" data-id=\"66e480e\" data-element_type=\"widget\" data-e-type=\"widget\" data-widget_type=\"image.default\">\n\t\t\t\t<div class=\"elementor-widget-container\">\n\t\t\t\t\t\t\t\t\t\t\t\t\t\t\t\t<a href=\"https:\/\/www.arluewa.de\/wp-content\/uploads\/2025\/06\/werk1.jpg\" data-elementor-open-lightbox=\"yes\" data-elementor-lightbox-title=\"werk1\" data-e-action-hash=\"#elementor-action%3Aaction%3Dlightbox%26settings%3DeyJpZCI6MzMyNywidXJsIjoiaHR0cHM6XC9cL3d3dy5hcmx1ZXdhLmRlXC93cC1jb250ZW50XC91cGxvYWRzXC8yMDI1XC8wNlwvd2VyazEuanBnIn0%3D\">\n\t\t\t\t\t\t\t<img fetchpriority=\"high\" decoding=\"async\" width=\"300\" height=\"200\" src=\"https:\/\/www.arluewa.de\/wp-content\/uploads\/2025\/06\/werk1.jpg\" class=\"attachment-full size-full wp-image-3327\" alt=\"\" \/>\t\t\t\t\t\t\t\t<\/a>\n\t\t\t\t\t\t\t\t\t\t\t\t\t\t\t<\/div>\n\t\t\t\t<\/div>\n\t\t\t\t<div class=\"elementor-element elementor-element-c772f27 elementor-widget elementor-widget-image\" data-id=\"c772f27\" data-element_type=\"widget\" data-e-type=\"widget\" data-widget_type=\"image.default\">\n\t\t\t\t<div class=\"elementor-widget-container\">\n\t\t\t\t\t\t\t\t\t\t\t\t\t\t\t\t<a href=\"https:\/\/www.arluewa.de\/wp-content\/uploads\/2025\/06\/werk2.jpg\" data-elementor-open-lightbox=\"yes\" data-elementor-lightbox-title=\"werk2\" data-e-action-hash=\"#elementor-action%3Aaction%3Dlightbox%26settings%3DeyJpZCI6MzMzMCwidXJsIjoiaHR0cHM6XC9cL3d3dy5hcmx1ZXdhLmRlXC93cC1jb250ZW50XC91cGxvYWRzXC8yMDI1XC8wNlwvd2VyazIuanBnIn0%3D\">\n\t\t\t\t\t\t\t<img decoding=\"async\" width=\"300\" height=\"200\" src=\"https:\/\/www.arluewa.de\/wp-content\/uploads\/2025\/06\/werk2.jpg\" class=\"attachment-full size-full wp-image-3330\" alt=\"\" \/>\t\t\t\t\t\t\t\t<\/a>\n\t\t\t\t\t\t\t\t\t\t\t\t\t\t\t<\/div>\n\t\t\t\t<\/div>\n\t\t\t\t<div class=\"elementor-element elementor-element-77f4b34 elementor-widget elementor-widget-image\" data-id=\"77f4b34\" data-element_type=\"widget\" data-e-type=\"widget\" data-widget_type=\"image.default\">\n\t\t\t\t<div class=\"elementor-widget-container\">\n\t\t\t\t\t\t\t\t\t\t\t\t\t\t\t\t<a href=\"https:\/\/www.arluewa.de\/wp-content\/uploads\/2025\/06\/werk3.jpg\" data-elementor-open-lightbox=\"yes\" data-elementor-lightbox-title=\"werk3\" data-e-action-hash=\"#elementor-action%3Aaction%3Dlightbox%26settings%3DeyJpZCI6MzMzMywidXJsIjoiaHR0cHM6XC9cL3d3dy5hcmx1ZXdhLmRlXC93cC1jb250ZW50XC91cGxvYWRzXC8yMDI1XC8wNlwvd2VyazMuanBnIn0%3D\">\n\t\t\t\t\t\t\t<img decoding=\"async\" width=\"300\" height=\"200\" src=\"https:\/\/www.arluewa.de\/wp-content\/uploads\/2025\/06\/werk3.jpg\" class=\"attachment-full size-full wp-image-3333\" alt=\"\" \/>\t\t\t\t\t\t\t\t<\/a>\n\t\t\t\t\t\t\t\t\t\t\t\t\t\t\t<\/div>\n\t\t\t\t<\/div>\n\t\t\t\t<div class=\"elementor-element elementor-element-6fcbc87 elementor-widget elementor-widget-image\" data-id=\"6fcbc87\" data-element_type=\"widget\" data-e-type=\"widget\" data-widget_type=\"image.default\">\n\t\t\t\t<div class=\"elementor-widget-container\">\n\t\t\t\t\t\t\t\t\t\t\t\t\t\t\t\t<a href=\"https:\/\/www.arluewa.de\/wp-content\/uploads\/2025\/06\/werk4.jpg\" data-elementor-open-lightbox=\"yes\" data-elementor-lightbox-title=\"werk4\" data-e-action-hash=\"#elementor-action%3Aaction%3Dlightbox%26settings%3DeyJpZCI6MzMzNiwidXJsIjoiaHR0cHM6XC9cL3d3dy5hcmx1ZXdhLmRlXC93cC1jb250ZW50XC91cGxvYWRzXC8yMDI1XC8wNlwvd2VyazQuanBnIn0%3D\">\n\t\t\t\t\t\t\t<img loading=\"lazy\" decoding=\"async\" width=\"300\" height=\"200\" src=\"https:\/\/www.arluewa.de\/wp-content\/uploads\/2025\/06\/werk4.jpg\" class=\"attachment-full size-full wp-image-3336\" alt=\"\" \/>\t\t\t\t\t\t\t\t<\/a>\n\t\t\t\t\t\t\t\t\t\t\t\t\t\t\t<\/div>\n\t\t\t\t<\/div>\n\t\t\t\t<\/div>\n\t\t\t\t<div class=\"elementor-element elementor-element-c8571c4 elementor-widget elementor-widget-text-editor\" data-id=\"c8571c4\" data-element_type=\"widget\" data-e-type=\"widget\" data-widget_type=\"text-editor.default\">\n\t\t\t\t<div class=\"elementor-widget-container\">\n\t\t\t\t\t\t\t\t\t<p>Ci-dessous un petit aper\u00e7u du travail des techniciens: v\u00e9rifier le tirage m\u00e9canique, focus de la mise au point de l\u2019infini sur l\u2019objectif, r\u00e9parer et r\u00e9gler la m\u00e9canique de l\u2018obturateur et celle de l\u2019avancement du film.<\/p>\n\t\t\t\t\t\t\t\t<\/div>\n\t\t\t\t<\/div>\n\t\t<div class=\"elementor-element elementor-element-03589fc e-grid e-con-full e-con e-child\" data-id=\"03589fc\" data-element_type=\"container\" data-e-type=\"container\">\n\t\t\t\t<div class=\"elementor-element elementor-element-bed4b28 elementor-widget elementor-widget-image\" data-id=\"bed4b28\" data-element_type=\"widget\" data-e-type=\"widget\" data-widget_type=\"image.default\">\n\t\t\t\t<div class=\"elementor-widget-container\">\n\t\t\t\t\t\t\t\t\t\t\t\t\t\t\t\t<a href=\"https:\/\/www.arluewa.de\/wp-content\/uploads\/2025\/06\/werk5.jpg\" data-elementor-open-lightbox=\"yes\" data-elementor-lightbox-title=\"werk5\" data-e-action-hash=\"#elementor-action%3Aaction%3Dlightbox%26settings%3DeyJpZCI6MzM0NiwidXJsIjoiaHR0cHM6XC9cL3d3dy5hcmx1ZXdhLmRlXC93cC1jb250ZW50XC91cGxvYWRzXC8yMDI1XC8wNlwvd2VyazUuanBnIn0%3D\">\n\t\t\t\t\t\t\t<img loading=\"lazy\" decoding=\"async\" width=\"200\" height=\"300\" src=\"https:\/\/www.arluewa.de\/wp-content\/uploads\/2025\/06\/werk5.jpg\" class=\"attachment-full size-full wp-image-3346\" alt=\"\" \/>\t\t\t\t\t\t\t\t<\/a>\n\t\t\t\t\t\t\t\t\t\t\t\t\t\t\t<\/div>\n\t\t\t\t<\/div>\n\t\t\t\t<div class=\"elementor-element elementor-element-5b9ac51 elementor-widget elementor-widget-image\" data-id=\"5b9ac51\" data-element_type=\"widget\" data-e-type=\"widget\" data-widget_type=\"image.default\">\n\t\t\t\t<div class=\"elementor-widget-container\">\n\t\t\t\t\t\t\t\t\t\t\t\t\t\t\t\t<a href=\"https:\/\/www.arluewa.de\/wp-content\/uploads\/2025\/06\/werk6.jpg\" data-elementor-open-lightbox=\"yes\" data-elementor-lightbox-title=\"werk6\" data-e-action-hash=\"#elementor-action%3Aaction%3Dlightbox%26settings%3DeyJpZCI6MzM0OSwidXJsIjoiaHR0cHM6XC9cL3d3dy5hcmx1ZXdhLmRlXC93cC1jb250ZW50XC91cGxvYWRzXC8yMDI1XC8wNlwvd2VyazYuanBnIn0%3D\">\n\t\t\t\t\t\t\t<img loading=\"lazy\" decoding=\"async\" width=\"200\" height=\"300\" src=\"https:\/\/www.arluewa.de\/wp-content\/uploads\/2025\/06\/werk6.jpg\" class=\"attachment-full size-full wp-image-3349\" alt=\"\" \/>\t\t\t\t\t\t\t\t<\/a>\n\t\t\t\t\t\t\t\t\t\t\t\t\t\t\t<\/div>\n\t\t\t\t<\/div>\n\t\t\t\t<div class=\"elementor-element elementor-element-5f67889 elementor-widget elementor-widget-image\" data-id=\"5f67889\" data-element_type=\"widget\" data-e-type=\"widget\" data-widget_type=\"image.default\">\n\t\t\t\t<div class=\"elementor-widget-container\">\n\t\t\t\t\t\t\t\t\t\t\t\t\t\t\t\t<a href=\"https:\/\/www.arluewa.de\/wp-content\/uploads\/2025\/06\/werk7.jpg\" data-elementor-open-lightbox=\"yes\" data-elementor-lightbox-title=\"werk7\" data-e-action-hash=\"#elementor-action%3Aaction%3Dlightbox%26settings%3DeyJpZCI6MzM1MiwidXJsIjoiaHR0cHM6XC9cL3d3dy5hcmx1ZXdhLmRlXC93cC1jb250ZW50XC91cGxvYWRzXC8yMDI1XC8wNlwvd2VyazcuanBnIn0%3D\">\n\t\t\t\t\t\t\t<img loading=\"lazy\" decoding=\"async\" width=\"200\" height=\"300\" src=\"https:\/\/www.arluewa.de\/wp-content\/uploads\/2025\/06\/werk7.jpg\" class=\"attachment-full size-full wp-image-3352\" alt=\"\" \/>\t\t\t\t\t\t\t\t<\/a>\n\t\t\t\t\t\t\t\t\t\t\t\t\t\t\t<\/div>\n\t\t\t\t<\/div>\n\t\t\t\t<div class=\"elementor-element elementor-element-7200a2e elementor-widget elementor-widget-image\" data-id=\"7200a2e\" data-element_type=\"widget\" data-e-type=\"widget\" data-widget_type=\"image.default\">\n\t\t\t\t<div class=\"elementor-widget-container\">\n\t\t\t\t\t\t\t\t\t\t\t\t\t\t\t\t<a href=\"https:\/\/www.arluewa.de\/wp-content\/uploads\/2025\/06\/werk8.jpg\" data-elementor-open-lightbox=\"yes\" data-elementor-lightbox-title=\"werk8\" data-e-action-hash=\"#elementor-action%3Aaction%3Dlightbox%26settings%3DeyJpZCI6MzM1NSwidXJsIjoiaHR0cHM6XC9cL3d3dy5hcmx1ZXdhLmRlXC93cC1jb250ZW50XC91cGxvYWRzXC8yMDI1XC8wNlwvd2VyazguanBnIn0%3D\">\n\t\t\t\t\t\t\t<img loading=\"lazy\" decoding=\"async\" width=\"200\" height=\"300\" src=\"https:\/\/www.arluewa.de\/wp-content\/uploads\/2025\/06\/werk8.jpg\" class=\"attachment-full size-full wp-image-3355\" alt=\"\" \/>\t\t\t\t\t\t\t\t<\/a>\n\t\t\t\t\t\t\t\t\t\t\t\t\t\t\t<\/div>\n\t\t\t\t<\/div>\n\t\t\t\t<\/div>\n\t\t<div class=\"elementor-element elementor-element-10628f5 e-grid e-con-full e-con e-child\" data-id=\"10628f5\" data-element_type=\"container\" data-e-type=\"container\">\n\t\t\t\t<div class=\"elementor-element elementor-element-796f368 elementor-widget elementor-widget-image\" data-id=\"796f368\" data-element_type=\"widget\" data-e-type=\"widget\" data-widget_type=\"image.default\">\n\t\t\t\t<div class=\"elementor-widget-container\">\n\t\t\t\t\t\t\t\t\t\t\t\t\t\t\t\t<a href=\"https:\/\/www.arluewa.de\/wp-content\/uploads\/2025\/06\/werk9.jpg\" data-elementor-open-lightbox=\"yes\" data-elementor-lightbox-title=\"werk9\" data-e-action-hash=\"#elementor-action%3Aaction%3Dlightbox%26settings%3DeyJpZCI6MzM2NCwidXJsIjoiaHR0cHM6XC9cL3d3dy5hcmx1ZXdhLmRlXC93cC1jb250ZW50XC91cGxvYWRzXC8yMDI1XC8wNlwvd2VyazkuanBnIn0%3D\">\n\t\t\t\t\t\t\t<img loading=\"lazy\" decoding=\"async\" width=\"300\" height=\"200\" src=\"https:\/\/www.arluewa.de\/wp-content\/uploads\/2025\/06\/werk9.jpg\" class=\"attachment-full size-full wp-image-3364\" alt=\"\" \/>\t\t\t\t\t\t\t\t<\/a>\n\t\t\t\t\t\t\t\t\t\t\t\t\t\t\t<\/div>\n\t\t\t\t<\/div>\n\t\t\t\t<div class=\"elementor-element elementor-element-ded2c6c elementor-widget elementor-widget-image\" data-id=\"ded2c6c\" data-element_type=\"widget\" data-e-type=\"widget\" data-widget_type=\"image.default\">\n\t\t\t\t<div class=\"elementor-widget-container\">\n\t\t\t\t\t\t\t\t\t\t\t\t\t\t\t\t<a href=\"https:\/\/www.arluewa.de\/wp-content\/uploads\/2025\/06\/werk10.jpg\" data-elementor-open-lightbox=\"yes\" data-elementor-lightbox-title=\"werk10\" data-e-action-hash=\"#elementor-action%3Aaction%3Dlightbox%26settings%3DeyJpZCI6MzM2NywidXJsIjoiaHR0cHM6XC9cL3d3dy5hcmx1ZXdhLmRlXC93cC1jb250ZW50XC91cGxvYWRzXC8yMDI1XC8wNlwvd2VyazEwLmpwZyJ9\">\n\t\t\t\t\t\t\t<img loading=\"lazy\" decoding=\"async\" width=\"300\" height=\"200\" src=\"https:\/\/www.arluewa.de\/wp-content\/uploads\/2025\/06\/werk10.jpg\" class=\"attachment-full size-full wp-image-3367\" alt=\"\" \/>\t\t\t\t\t\t\t\t<\/a>\n\t\t\t\t\t\t\t\t\t\t\t\t\t\t\t<\/div>\n\t\t\t\t<\/div>\n\t\t\t\t<div class=\"elementor-element elementor-element-206805a elementor-widget elementor-widget-image\" data-id=\"206805a\" data-element_type=\"widget\" data-e-type=\"widget\" data-widget_type=\"image.default\">\n\t\t\t\t<div class=\"elementor-widget-container\">\n\t\t\t\t\t\t\t\t\t\t\t\t\t\t\t\t<a href=\"https:\/\/www.arluewa.de\/wp-content\/uploads\/2025\/06\/werk11.jpg\" data-elementor-open-lightbox=\"yes\" data-elementor-lightbox-title=\"werk11\" data-e-action-hash=\"#elementor-action%3Aaction%3Dlightbox%26settings%3DeyJpZCI6MzM3MCwidXJsIjoiaHR0cHM6XC9cL3d3dy5hcmx1ZXdhLmRlXC93cC1jb250ZW50XC91cGxvYWRzXC8yMDI1XC8wNlwvd2VyazExLmpwZyJ9\">\n\t\t\t\t\t\t\t<img loading=\"lazy\" decoding=\"async\" width=\"300\" height=\"200\" src=\"https:\/\/www.arluewa.de\/wp-content\/uploads\/2025\/06\/werk11.jpg\" class=\"attachment-full size-full wp-image-3370\" alt=\"\" \/>\t\t\t\t\t\t\t\t<\/a>\n\t\t\t\t\t\t\t\t\t\t\t\t\t\t\t<\/div>\n\t\t\t\t<\/div>\n\t\t\t\t<div class=\"elementor-element elementor-element-9e39073 elementor-widget elementor-widget-image\" data-id=\"9e39073\" data-element_type=\"widget\" data-e-type=\"widget\" data-widget_type=\"image.default\">\n\t\t\t\t<div class=\"elementor-widget-container\">\n\t\t\t\t\t\t\t\t\t\t\t\t\t\t\t\t<a href=\"https:\/\/www.arluewa.de\/wp-content\/uploads\/2025\/06\/werk12.jpg\" data-elementor-open-lightbox=\"yes\" data-elementor-lightbox-title=\"werk12\" data-e-action-hash=\"#elementor-action%3Aaction%3Dlightbox%26settings%3DeyJpZCI6MzM3MywidXJsIjoiaHR0cHM6XC9cL3d3dy5hcmx1ZXdhLmRlXC93cC1jb250ZW50XC91cGxvYWRzXC8yMDI1XC8wNlwvd2VyazEyLmpwZyJ9\">\n\t\t\t\t\t\t\t<img loading=\"lazy\" decoding=\"async\" width=\"300\" height=\"200\" src=\"https:\/\/www.arluewa.de\/wp-content\/uploads\/2025\/06\/werk12.jpg\" class=\"attachment-full size-full wp-image-3373\" alt=\"\" \/>\t\t\t\t\t\t\t\t<\/a>\n\t\t\t\t\t\t\t\t\t\t\t\t\t\t\t<\/div>\n\t\t\t\t<\/div>\n\t\t\t\t<div class=\"elementor-element elementor-element-3056d64 elementor-widget elementor-widget-image\" data-id=\"3056d64\" data-element_type=\"widget\" data-e-type=\"widget\" data-widget_type=\"image.default\">\n\t\t\t\t<div class=\"elementor-widget-container\">\n\t\t\t\t\t\t\t\t\t\t\t\t\t\t\t\t<a href=\"https:\/\/www.arluewa.de\/wp-content\/uploads\/2025\/06\/werk13.jpg\" data-elementor-open-lightbox=\"yes\" data-elementor-lightbox-title=\"werk13\" data-e-action-hash=\"#elementor-action%3Aaction%3Dlightbox%26settings%3DeyJpZCI6MzM4MCwidXJsIjoiaHR0cHM6XC9cL3d3dy5hcmx1ZXdhLmRlXC93cC1jb250ZW50XC91cGxvYWRzXC8yMDI1XC8wNlwvd2VyazEzLmpwZyJ9\">\n\t\t\t\t\t\t\t<img loading=\"lazy\" decoding=\"async\" width=\"300\" height=\"200\" src=\"https:\/\/www.arluewa.de\/wp-content\/uploads\/2025\/06\/werk13.jpg\" class=\"attachment-full size-full wp-image-3380\" alt=\"\" \/>\t\t\t\t\t\t\t\t<\/a>\n\t\t\t\t\t\t\t\t\t\t\t\t\t\t\t<\/div>\n\t\t\t\t<\/div>\n\t\t\t\t<div class=\"elementor-element elementor-element-178005c elementor-widget elementor-widget-image\" data-id=\"178005c\" data-element_type=\"widget\" data-e-type=\"widget\" data-widget_type=\"image.default\">\n\t\t\t\t<div class=\"elementor-widget-container\">\n\t\t\t\t\t\t\t\t\t\t\t\t\t\t\t\t<a href=\"https:\/\/www.arluewa.de\/wp-content\/uploads\/2025\/06\/werk14.jpg\" data-elementor-open-lightbox=\"yes\" data-elementor-lightbox-title=\"werk14\" data-e-action-hash=\"#elementor-action%3Aaction%3Dlightbox%26settings%3DeyJpZCI6MzM4MywidXJsIjoiaHR0cHM6XC9cL3d3dy5hcmx1ZXdhLmRlXC93cC1jb250ZW50XC91cGxvYWRzXC8yMDI1XC8wNlwvd2VyazE0LmpwZyJ9\">\n\t\t\t\t\t\t\t<img loading=\"lazy\" decoding=\"async\" width=\"300\" height=\"200\" src=\"https:\/\/www.arluewa.de\/wp-content\/uploads\/2025\/06\/werk14.jpg\" class=\"attachment-full size-full wp-image-3383\" alt=\"\" \/>\t\t\t\t\t\t\t\t<\/a>\n\t\t\t\t\t\t\t\t\t\t\t\t\t\t\t<\/div>\n\t\t\t\t<\/div>\n\t\t\t\t<div class=\"elementor-element elementor-element-901c093 elementor-widget elementor-widget-image\" data-id=\"901c093\" data-element_type=\"widget\" data-e-type=\"widget\" data-widget_type=\"image.default\">\n\t\t\t\t<div class=\"elementor-widget-container\">\n\t\t\t\t\t\t\t\t\t\t\t\t\t\t\t\t<a href=\"https:\/\/www.arluewa.de\/wp-content\/uploads\/2025\/06\/werk15.jpg\" data-elementor-open-lightbox=\"yes\" data-elementor-lightbox-title=\"werk15\" data-e-action-hash=\"#elementor-action%3Aaction%3Dlightbox%26settings%3DeyJpZCI6MzM4NiwidXJsIjoiaHR0cHM6XC9cL3d3dy5hcmx1ZXdhLmRlXC93cC1jb250ZW50XC91cGxvYWRzXC8yMDI1XC8wNlwvd2VyazE1LmpwZyJ9\">\n\t\t\t\t\t\t\t<img loading=\"lazy\" decoding=\"async\" width=\"300\" height=\"200\" src=\"https:\/\/www.arluewa.de\/wp-content\/uploads\/2025\/06\/werk15.jpg\" class=\"attachment-full size-full wp-image-3386\" alt=\"\" \/>\t\t\t\t\t\t\t\t<\/a>\n\t\t\t\t\t\t\t\t\t\t\t\t\t\t\t<\/div>\n\t\t\t\t<\/div>\n\t\t\t\t<div class=\"elementor-element elementor-element-96d0921 elementor-widget elementor-widget-image\" data-id=\"96d0921\" data-element_type=\"widget\" data-e-type=\"widget\" data-widget_type=\"image.default\">\n\t\t\t\t<div class=\"elementor-widget-container\">\n\t\t\t\t\t\t\t\t\t\t\t\t\t\t\t\t<a href=\"https:\/\/www.arluewa.de\/wp-content\/uploads\/2025\/06\/werk16.jpg\" data-elementor-open-lightbox=\"yes\" data-elementor-lightbox-title=\"werk16\" data-e-action-hash=\"#elementor-action%3Aaction%3Dlightbox%26settings%3DeyJpZCI6MzM4OSwidXJsIjoiaHR0cHM6XC9cL3d3dy5hcmx1ZXdhLmRlXC93cC1jb250ZW50XC91cGxvYWRzXC8yMDI1XC8wNlwvd2VyazE2LmpwZyJ9\">\n\t\t\t\t\t\t\t<img loading=\"lazy\" decoding=\"async\" width=\"300\" height=\"200\" src=\"https:\/\/www.arluewa.de\/wp-content\/uploads\/2025\/06\/werk16.jpg\" class=\"attachment-full size-full wp-image-3389\" alt=\"\" \/>\t\t\t\t\t\t\t\t<\/a>\n\t\t\t\t\t\t\t\t\t\t\t\t\t\t\t<\/div>\n\t\t\t\t<\/div>\n\t\t\t\t<\/div>\n\t\t\t\t\t<\/div>\n\t\t\t\t<\/div>\n\t\t\t\t<\/div>\n\t\t","protected":false},"excerpt":{"rendered":"<p>des photos en disent plus que des longs discours, en voici quelques unes de l\u2019atelier Ci-dessous un petit aper\u00e7u du travail des techniciens: v\u00e9rifier le tirage m\u00e9canique, focus de la mise au point de l\u2019infini sur l\u2019objectif, r\u00e9parer et r\u00e9gler la m\u00e9canique de l\u2018obturateur et celle de l\u2019avancement du film.<\/p>\n","protected":false},"author":3,"featured_media":0,"parent":0,"menu_order":0,"comment_status":"closed","ping_status":"closed","template":"elementor_header_footer","meta":{"ocean_post_layout":"","ocean_both_sidebars_style":"","ocean_both_sidebars_content_width":0,"ocean_both_sidebars_sidebars_width":0,"ocean_sidebar":"","ocean_second_sidebar":"","ocean_disable_margins":"enable","ocean_add_body_class":"","ocean_shortcode_before_top_bar":"","ocean_shortcode_after_top_bar":"","ocean_shortcode_before_header":"","ocean_shortcode_after_header":"","ocean_has_shortcode":"","ocean_shortcode_after_title":"","ocean_shortcode_before_footer_widgets":"","ocean_shortcode_after_footer_widgets":"","ocean_shortcode_before_footer_bottom":"","ocean_shortcode_after_footer_bottom":"","ocean_display_top_bar":"default","ocean_display_header":"default","ocean_header_style":"","ocean_center_header_left_menu":"","ocean_custom_header_template":"","ocean_custom_logo":0,"ocean_custom_retina_logo":0,"ocean_custom_logo_max_width":0,"ocean_custom_logo_tablet_max_width":0,"ocean_custom_logo_mobile_max_width":0,"ocean_custom_logo_max_height":0,"ocean_custom_logo_tablet_max_height":0,"ocean_custom_logo_mobile_max_height":0,"ocean_header_custom_menu":"","ocean_menu_typo_font_family":"","ocean_menu_typo_font_subset":"","ocean_menu_typo_font_size":0,"ocean_menu_typo_font_size_tablet":0,"ocean_menu_typo_font_size_mobile":0,"ocean_menu_typo_font_size_unit":"px","ocean_menu_typo_font_weight":"","ocean_menu_typo_font_weight_tablet":"","ocean_menu_typo_font_weight_mobile":"","ocean_menu_typo_transform":"","ocean_menu_typo_transform_tablet":"","ocean_menu_typo_transform_mobile":"","ocean_menu_typo_line_height":0,"ocean_menu_typo_line_height_tablet":0,"ocean_menu_typo_line_height_mobile":0,"ocean_menu_typo_line_height_unit":"","ocean_menu_typo_spacing":0,"ocean_menu_typo_spacing_tablet":0,"ocean_menu_typo_spacing_mobile":0,"ocean_menu_typo_spacing_unit":"","ocean_menu_link_color":"","ocean_menu_link_color_hover":"","ocean_menu_link_color_active":"","ocean_menu_link_background":"","ocean_menu_link_hover_background":"","ocean_menu_link_active_background":"","ocean_menu_social_links_bg":"","ocean_menu_social_hover_links_bg":"","ocean_menu_social_links_color":"","ocean_menu_social_hover_links_color":"","ocean_disable_title":"default","ocean_disable_heading":"default","ocean_post_title":"","ocean_post_subheading":"","ocean_post_title_style":"","ocean_post_title_background_color":"","ocean_post_title_background":0,"ocean_post_title_bg_image_position":"","ocean_post_title_bg_image_attachment":"","ocean_post_title_bg_image_repeat":"","ocean_post_title_bg_image_size":"","ocean_post_title_height":0,"ocean_post_title_bg_overlay":0.5,"ocean_post_title_bg_overlay_color":"","ocean_disable_breadcrumbs":"default","ocean_breadcrumbs_color":"","ocean_breadcrumbs_separator_color":"","ocean_breadcrumbs_links_color":"","ocean_breadcrumbs_links_hover_color":"","ocean_display_footer_widgets":"default","ocean_display_footer_bottom":"default","ocean_custom_footer_template":"","footnotes":""},"class_list":["post-1058","page","type-page","status-publish","hentry","entry"],"_links":{"self":[{"href":"https:\/\/www.arluewa.de\/fr\/wp-json\/wp\/v2\/pages\/1058","targetHints":{"allow":["GET"]}}],"collection":[{"href":"https:\/\/www.arluewa.de\/fr\/wp-json\/wp\/v2\/pages"}],"about":[{"href":"https:\/\/www.arluewa.de\/fr\/wp-json\/wp\/v2\/types\/page"}],"author":[{"embeddable":true,"href":"https:\/\/www.arluewa.de\/fr\/wp-json\/wp\/v2\/users\/3"}],"replies":[{"embeddable":true,"href":"https:\/\/www.arluewa.de\/fr\/wp-json\/wp\/v2\/comments?post=1058"}],"version-history":[{"count":14,"href":"https:\/\/www.arluewa.de\/fr\/wp-json\/wp\/v2\/pages\/1058\/revisions"}],"predecessor-version":[{"id":3798,"href":"https:\/\/www.arluewa.de\/fr\/wp-json\/wp\/v2\/pages\/1058\/revisions\/3798"}],"wp:attachment":[{"href":"https:\/\/www.arluewa.de\/fr\/wp-json\/wp\/v2\/media?parent=1058"}],"curies":[{"name":"wp","href":"https:\/\/api.w.org\/{rel}","templated":true}]}}