{"id":1093,"date":"2016-05-16T17:15:59","date_gmt":"2016-05-16T17:15:59","guid":{"rendered":"https:\/\/www.arluewa.de\/\/en\/?page_id=1093"},"modified":"2025-06-22T09:25:10","modified_gmt":"2025-06-22T09:25:10","slug":"service-de-reparation","status":"publish","type":"page","link":"https:\/\/www.arluewa.de\/fr\/histoire\/service-de-reparation\/","title":{"rendered":"appareils photos"},"content":{"rendered":"\t\t<div data-elementor-type=\"wp-page\" data-elementor-id=\"1093\" class=\"elementor elementor-1093 elementor-537\">\n\t\t\t\t<div class=\"elementor-element elementor-element-3e1eed2f e-flex e-con-boxed e-con e-parent\" data-id=\"3e1eed2f\" data-element_type=\"container\" data-e-type=\"container\">\n\t\t\t\t\t<div class=\"e-con-inner\">\n\t\t\t\t<div class=\"elementor-element elementor-element-6d0c4fc elementor-widget elementor-widget-heading\" data-id=\"6d0c4fc\" data-element_type=\"widget\" data-e-type=\"widget\" data-widget_type=\"heading.default\">\n\t\t\t\t<div class=\"elementor-widget-container\">\n\t\t\t\t\t<h1 class=\"elementor-heading-title elementor-size-default\">Nous sommes sp\u00e9cialis\u00e9s dans la remise en \u00e9tat des appareils photos analogiques.<\/h1>\t\t\t\t<\/div>\n\t\t\t\t<\/div>\n\t\t<div class=\"elementor-element elementor-element-334a0d2 e-grid e-con-full e-con e-child\" data-id=\"334a0d2\" data-element_type=\"container\" data-e-type=\"container\">\n\t\t\t\t<div class=\"elementor-element elementor-element-35d8adb elementor-widget elementor-widget-image\" data-id=\"35d8adb\" data-element_type=\"widget\" data-e-type=\"widget\" data-widget_type=\"image.default\">\n\t\t\t\t<div class=\"elementor-widget-container\">\n\t\t\t\t\t\t\t\t\t\t\t\t\t\t\t\t<a href=\"https:\/\/www.arluewa.de\/wp-content\/uploads\/2025\/06\/kamera1.jpg\" data-elementor-open-lightbox=\"yes\" data-elementor-lightbox-title=\"kamera1\" data-e-action-hash=\"#elementor-action%3Aaction%3Dlightbox%26settings%3DeyJpZCI6MzI4MSwidXJsIjoiaHR0cHM6XC9cL3d3dy5hcmx1ZXdhLmRlXC93cC1jb250ZW50XC91cGxvYWRzXC8yMDI1XC8wNlwva2FtZXJhMS5qcGcifQ%3D%3D\">\n\t\t\t\t\t\t\t<img fetchpriority=\"high\" decoding=\"async\" width=\"300\" height=\"200\" src=\"https:\/\/www.arluewa.de\/wp-content\/uploads\/2025\/06\/kamera1.jpg\" class=\"attachment-full size-full wp-image-3281\" alt=\"\" \/>\t\t\t\t\t\t\t\t<\/a>\n\t\t\t\t\t\t\t\t\t\t\t\t\t\t\t<\/div>\n\t\t\t\t<\/div>\n\t\t\t\t<div class=\"elementor-element elementor-element-90d0905 elementor-widget elementor-widget-image\" data-id=\"90d0905\" data-element_type=\"widget\" data-e-type=\"widget\" data-widget_type=\"image.default\">\n\t\t\t\t<div class=\"elementor-widget-container\">\n\t\t\t\t\t\t\t\t\t\t\t\t\t\t\t\t<a href=\"https:\/\/www.arluewa.de\/wp-content\/uploads\/2025\/06\/kamera2.jpg\" data-elementor-open-lightbox=\"yes\" data-elementor-lightbox-title=\"kamera2\" data-e-action-hash=\"#elementor-action%3Aaction%3Dlightbox%26settings%3DeyJpZCI6MzI4NCwidXJsIjoiaHR0cHM6XC9cL3d3dy5hcmx1ZXdhLmRlXC93cC1jb250ZW50XC91cGxvYWRzXC8yMDI1XC8wNlwva2FtZXJhMi5qcGcifQ%3D%3D\">\n\t\t\t\t\t\t\t<img decoding=\"async\" width=\"300\" height=\"200\" src=\"https:\/\/www.arluewa.de\/wp-content\/uploads\/2025\/06\/kamera2.jpg\" class=\"attachment-full size-full wp-image-3284\" alt=\"\" \/>\t\t\t\t\t\t\t\t<\/a>\n\t\t\t\t\t\t\t\t\t\t\t\t\t\t\t<\/div>\n\t\t\t\t<\/div>\n\t\t\t\t<div class=\"elementor-element elementor-element-7f141c4 elementor-widget elementor-widget-image\" data-id=\"7f141c4\" data-element_type=\"widget\" data-e-type=\"widget\" data-widget_type=\"image.default\">\n\t\t\t\t<div class=\"elementor-widget-container\">\n\t\t\t\t\t\t\t\t\t\t\t\t\t\t\t\t<a href=\"https:\/\/www.arluewa.de\/wp-content\/uploads\/2025\/06\/kamera3.jpg\" data-elementor-open-lightbox=\"yes\" data-elementor-lightbox-title=\"kamera3\" data-e-action-hash=\"#elementor-action%3Aaction%3Dlightbox%26settings%3DeyJpZCI6MzI4NywidXJsIjoiaHR0cHM6XC9cL3d3dy5hcmx1ZXdhLmRlXC93cC1jb250ZW50XC91cGxvYWRzXC8yMDI1XC8wNlwva2FtZXJhMy5qcGcifQ%3D%3D\">\n\t\t\t\t\t\t\t<img decoding=\"async\" width=\"300\" height=\"200\" src=\"https:\/\/www.arluewa.de\/wp-content\/uploads\/2025\/06\/kamera3.jpg\" class=\"attachment-full size-full wp-image-3287\" alt=\"\" \/>\t\t\t\t\t\t\t\t<\/a>\n\t\t\t\t\t\t\t\t\t\t\t\t\t\t\t<\/div>\n\t\t\t\t<\/div>\n\t\t\t\t<div class=\"elementor-element elementor-element-c80b8f3 elementor-widget elementor-widget-image\" data-id=\"c80b8f3\" data-element_type=\"widget\" data-e-type=\"widget\" data-widget_type=\"image.default\">\n\t\t\t\t<div class=\"elementor-widget-container\">\n\t\t\t\t\t\t\t\t\t\t\t\t\t\t\t\t<a href=\"https:\/\/www.arluewa.de\/wp-content\/uploads\/2025\/06\/kamera4.jpg\" data-elementor-open-lightbox=\"yes\" data-elementor-lightbox-title=\"kamera4\" data-e-action-hash=\"#elementor-action%3Aaction%3Dlightbox%26settings%3DeyJpZCI6MzI5MCwidXJsIjoiaHR0cHM6XC9cL3d3dy5hcmx1ZXdhLmRlXC93cC1jb250ZW50XC91cGxvYWRzXC8yMDI1XC8wNlwva2FtZXJhNC5qcGcifQ%3D%3D\">\n\t\t\t\t\t\t\t<img loading=\"lazy\" decoding=\"async\" width=\"300\" height=\"200\" src=\"https:\/\/www.arluewa.de\/wp-content\/uploads\/2025\/06\/kamera4.jpg\" class=\"attachment-full size-full wp-image-3290\" alt=\"\" \/>\t\t\t\t\t\t\t\t<\/a>\n\t\t\t\t\t\t\t\t\t\t\t\t\t\t\t<\/div>\n\t\t\t\t<\/div>\n\t\t\t\t<\/div>\n\t\t\t\t<div class=\"elementor-element elementor-element-2a1b89f elementor-widget elementor-widget-text-editor\" data-id=\"2a1b89f\" data-element_type=\"widget\" data-e-type=\"widget\" data-widget_type=\"text-editor.default\">\n\t\t\t\t<div class=\"elementor-widget-container\">\n\t\t\t\t\t\t\t\t\t<p>Ci-dessous la liste des marques et mod\u00e8les d\u2018appareils photos que nous pouvons r\u00e9parer.<br \/><strong>AGFA<\/strong> Isolette, Superisolette , Billy Record.<br \/><strong>CANON<\/strong> FTb, F1.<br \/><strong>FUJI<\/strong> GS 645, G 690, Objektive.<br \/><strong>HASSELBLAD 500<\/strong>er Reihe C\/M &#8211; Motorkameras. Objektive C\/CF\/CFI, Magazin A12 etc.<br \/><strong>LEICA<\/strong> R-Reihe, M-Reihe, CL, Objektive R\/M.<br \/><strong>LINHOF<\/strong> Technica 4&#215;5 bis 13&#215;18, Objektive.<br \/><strong>MINOX<\/strong> 35 GT.<br \/><strong>MAMIYA <\/strong>M 645, 220\/330, M-Reihe 6\/7, RB\/RZ, Magazine, Objektive.<br \/><strong>MINOLTA<\/strong> Autocord, SRT-Reihe, CLE, XE, XD, Objektive.<br \/><strong>NIKON<\/strong> FE, FM, Objektive.<br \/><strong>OLYMPUS<\/strong> OM1, OM2, Objektive.<br \/><strong>PENTAX<\/strong> Spotmatic, K-Reihe, 6&#215;7 Reihe, Objektive.<br \/><strong>PENTACON<\/strong> Pentacon Six, Exakta 66, ZEISS JENA Objektive.<br \/><strong>PLAUBEL<\/strong> Makina 67, 670.<br \/><strong>ROLLEI<\/strong> Rollei 35, Rolleiflex (zwei\u00e4ugige), Rolleicord, Objektive.<br \/><strong>VOIGTL\u00c4NDER<\/strong> <a href=\"\/aktuelles\/\">Klappkameras, Bessa<\/a>.<br \/><strong>YASHICA<\/strong> Yashica Mat, Objektive.<br \/><strong>ZEISS-IKON<\/strong> Ikonta, Objektive.<br \/><strong>FACHVERSCHL\u00dcSSE<\/strong> Copal, Compur, Prontor.<\/p>\n<p>Autres appareils photo sur demande.<br \/>\nN\u2019h\u00e9sitez pas \u00e0 nous contacter si vous ne trouvez pas le mod\u00e8le que vous recherchez.<\/p>\n\t\t\t\t\t\t\t\t<\/div>\n\t\t\t\t<\/div>\n\t\t<div class=\"elementor-element elementor-element-1bd12da e-grid e-con-full e-con e-child\" data-id=\"1bd12da\" data-element_type=\"container\" data-e-type=\"container\">\n\t\t\t\t<div class=\"elementor-element elementor-element-afbe8a4 elementor-widget elementor-widget-image\" data-id=\"afbe8a4\" data-element_type=\"widget\" data-e-type=\"widget\" data-widget_type=\"image.default\">\n\t\t\t\t<div class=\"elementor-widget-container\">\n\t\t\t\t\t\t\t\t\t\t\t\t\t\t\t\t<a href=\"https:\/\/www.arluewa.de\/wp-content\/uploads\/2025\/06\/kamera5.jpg\" data-elementor-open-lightbox=\"yes\" data-elementor-lightbox-title=\"kamera5\" data-e-action-hash=\"#elementor-action%3Aaction%3Dlightbox%26settings%3DeyJpZCI6MzI5MywidXJsIjoiaHR0cHM6XC9cL3d3dy5hcmx1ZXdhLmRlXC93cC1jb250ZW50XC91cGxvYWRzXC8yMDI1XC8wNlwva2FtZXJhNS5qcGcifQ%3D%3D\">\n\t\t\t\t\t\t\t<img loading=\"lazy\" decoding=\"async\" width=\"300\" height=\"200\" src=\"https:\/\/www.arluewa.de\/wp-content\/uploads\/2025\/06\/kamera5.jpg\" class=\"attachment-full size-full wp-image-3293\" alt=\"\" \/>\t\t\t\t\t\t\t\t<\/a>\n\t\t\t\t\t\t\t\t\t\t\t\t\t\t\t<\/div>\n\t\t\t\t<\/div>\n\t\t\t\t<div class=\"elementor-element elementor-element-63a7da8 elementor-widget elementor-widget-image\" data-id=\"63a7da8\" data-element_type=\"widget\" data-e-type=\"widget\" data-widget_type=\"image.default\">\n\t\t\t\t<div class=\"elementor-widget-container\">\n\t\t\t\t\t\t\t\t\t\t\t\t\t\t\t\t<a href=\"https:\/\/www.arluewa.de\/wp-content\/uploads\/2025\/06\/kamera6.jpg\" data-elementor-open-lightbox=\"yes\" data-elementor-lightbox-title=\"kamera6\" data-e-action-hash=\"#elementor-action%3Aaction%3Dlightbox%26settings%3DeyJpZCI6MzI5NiwidXJsIjoiaHR0cHM6XC9cL3d3dy5hcmx1ZXdhLmRlXC93cC1jb250ZW50XC91cGxvYWRzXC8yMDI1XC8wNlwva2FtZXJhNi5qcGcifQ%3D%3D\">\n\t\t\t\t\t\t\t<img loading=\"lazy\" decoding=\"async\" width=\"300\" height=\"200\" src=\"https:\/\/www.arluewa.de\/wp-content\/uploads\/2025\/06\/kamera6.jpg\" class=\"attachment-full size-full wp-image-3296\" alt=\"\" \/>\t\t\t\t\t\t\t\t<\/a>\n\t\t\t\t\t\t\t\t\t\t\t\t\t\t\t<\/div>\n\t\t\t\t<\/div>\n\t\t\t\t<div class=\"elementor-element elementor-element-bab8a96 elementor-widget elementor-widget-image\" data-id=\"bab8a96\" data-element_type=\"widget\" data-e-type=\"widget\" data-widget_type=\"image.default\">\n\t\t\t\t<div class=\"elementor-widget-container\">\n\t\t\t\t\t\t\t\t\t\t\t\t\t\t\t\t<a href=\"https:\/\/www.arluewa.de\/wp-content\/uploads\/2025\/06\/kamera7.jpg\" data-elementor-open-lightbox=\"yes\" data-elementor-lightbox-title=\"kamera7\" data-e-action-hash=\"#elementor-action%3Aaction%3Dlightbox%26settings%3DeyJpZCI6MzI5OSwidXJsIjoiaHR0cHM6XC9cL3d3dy5hcmx1ZXdhLmRlXC93cC1jb250ZW50XC91cGxvYWRzXC8yMDI1XC8wNlwva2FtZXJhNy5qcGcifQ%3D%3D\">\n\t\t\t\t\t\t\t<img loading=\"lazy\" decoding=\"async\" width=\"300\" height=\"200\" src=\"https:\/\/www.arluewa.de\/wp-content\/uploads\/2025\/06\/kamera7.jpg\" class=\"attachment-full size-full wp-image-3299\" alt=\"\" \/>\t\t\t\t\t\t\t\t<\/a>\n\t\t\t\t\t\t\t\t\t\t\t\t\t\t\t<\/div>\n\t\t\t\t<\/div>\n\t\t\t\t<div class=\"elementor-element elementor-element-8b413ca elementor-widget elementor-widget-image\" data-id=\"8b413ca\" data-element_type=\"widget\" data-e-type=\"widget\" data-widget_type=\"image.default\">\n\t\t\t\t<div class=\"elementor-widget-container\">\n\t\t\t\t\t\t\t\t\t\t\t\t\t\t\t\t<a href=\"https:\/\/www.arluewa.de\/wp-content\/uploads\/2025\/06\/kamera8.jpg\" data-elementor-open-lightbox=\"yes\" data-elementor-lightbox-title=\"kamera8\" data-e-action-hash=\"#elementor-action%3Aaction%3Dlightbox%26settings%3DeyJpZCI6MzMwMiwidXJsIjoiaHR0cHM6XC9cL3d3dy5hcmx1ZXdhLmRlXC93cC1jb250ZW50XC91cGxvYWRzXC8yMDI1XC8wNlwva2FtZXJhOC5qcGcifQ%3D%3D\">\n\t\t\t\t\t\t\t<img loading=\"lazy\" decoding=\"async\" width=\"300\" height=\"200\" src=\"https:\/\/www.arluewa.de\/wp-content\/uploads\/2025\/06\/kamera8.jpg\" class=\"attachment-full size-full wp-image-3302\" alt=\"\" \/>\t\t\t\t\t\t\t\t<\/a>\n\t\t\t\t\t\t\t\t\t\t\t\t\t\t\t<\/div>\n\t\t\t\t<\/div>\n\t\t\t\t<\/div>\n\t\t\t\t<div class=\"elementor-element elementor-element-e4b5786 elementor-widget elementor-widget-text-editor\" data-id=\"e4b5786\" data-element_type=\"widget\" data-e-type=\"widget\" data-widget_type=\"text-editor.default\">\n\t\t\t\t<div class=\"elementor-widget-container\">\n\t\t\t\t\t\t\t\t\tNous r\u00e9parons \u00e9galement jumelles, tr\u00e9pieds, agrandisseurs, posem\u00e8tres et au besoin produisons des pi\u00e8ces sp\u00e9ciales.<br>Les projecteurs ne font plus partie de notre programme.<br><br><a href=\"https:\/\/www.arluewa.de\/wp-content\/uploads\/2016\/05\/Bordereau.pdf\" target=\"_blank\" rel=\"noopener noreferrer\">Bordereau d\u2018envoi si vous souhaitez faire r\u00e9parer votre appareil photo &gt;<\/a>\t\t\t\t\t\t\t\t<\/div>\n\t\t\t\t<\/div>\n\t\t\t\t\t<\/div>\n\t\t\t\t<\/div>\n\t\t\t\t<\/div>\n\t\t","protected":false},"excerpt":{"rendered":"<p>Nous sommes sp\u00e9cialis\u00e9s dans la remise en \u00e9tat des appareils photos analogiques. Ci-dessous la liste des marques et mod\u00e8les d\u2018appareils photos que nous pouvons r\u00e9parer.AGFA Isolette, Superisolette , Billy Record.CANON FTb, F1.FUJI GS 645, G 690, Objektive.HASSELBLAD 500er Reihe C\/M &#8211; Motorkameras. Objektive C\/CF\/CFI, Magazin A12 etc.LEICA R-Reihe, M-Reihe, CL, Objektive R\/M.LINHOF Technica 4&#215;5 bis [&hellip;]<\/p>\n","protected":false},"author":3,"featured_media":0,"parent":1050,"menu_order":0,"comment_status":"closed","ping_status":"closed","template":"elementor_header_footer","meta":{"ocean_post_layout":"","ocean_both_sidebars_style":"","ocean_both_sidebars_content_width":0,"ocean_both_sidebars_sidebars_width":0,"ocean_sidebar":"","ocean_second_sidebar":"","ocean_disable_margins":"enable","ocean_add_body_class":"","ocean_shortcode_before_top_bar":"","ocean_shortcode_after_top_bar":"","ocean_shortcode_before_header":"","ocean_shortcode_after_header":"","ocean_has_shortcode":"","ocean_shortcode_after_title":"","ocean_shortcode_before_footer_widgets":"","ocean_shortcode_after_footer_widgets":"","ocean_shortcode_before_footer_bottom":"","ocean_shortcode_after_footer_bottom":"","ocean_display_top_bar":"default","ocean_display_header":"default","ocean_header_style":"","ocean_center_header_left_menu":"","ocean_custom_header_template":"","ocean_custom_logo":0,"ocean_custom_retina_logo":0,"ocean_custom_logo_max_width":0,"ocean_custom_logo_tablet_max_width":0,"ocean_custom_logo_mobile_max_width":0,"ocean_custom_logo_max_height":0,"ocean_custom_logo_tablet_max_height":0,"ocean_custom_logo_mobile_max_height":0,"ocean_header_custom_menu":"","ocean_menu_typo_font_family":"","ocean_menu_typo_font_subset":"","ocean_menu_typo_font_size":0,"ocean_menu_typo_font_size_tablet":0,"ocean_menu_typo_font_size_mobile":0,"ocean_menu_typo_font_size_unit":"px","ocean_menu_typo_font_weight":"","ocean_menu_typo_font_weight_tablet":"","ocean_menu_typo_font_weight_mobile":"","ocean_menu_typo_transform":"","ocean_menu_typo_transform_tablet":"","ocean_menu_typo_transform_mobile":"","ocean_menu_typo_line_height":0,"ocean_menu_typo_line_height_tablet":0,"ocean_menu_typo_line_height_mobile":0,"ocean_menu_typo_line_height_unit":"","ocean_menu_typo_spacing":0,"ocean_menu_typo_spacing_tablet":0,"ocean_menu_typo_spacing_mobile":0,"ocean_menu_typo_spacing_unit":"","ocean_menu_link_color":"","ocean_menu_link_color_hover":"","ocean_menu_link_color_active":"","ocean_menu_link_background":"","ocean_menu_link_hover_background":"","ocean_menu_link_active_background":"","ocean_menu_social_links_bg":"","ocean_menu_social_hover_links_bg":"","ocean_menu_social_links_color":"","ocean_menu_social_hover_links_color":"","ocean_disable_title":"default","ocean_disable_heading":"default","ocean_post_title":"","ocean_post_subheading":"","ocean_post_title_style":"","ocean_post_title_background_color":"","ocean_post_title_background":0,"ocean_post_title_bg_image_position":"","ocean_post_title_bg_image_attachment":"","ocean_post_title_bg_image_repeat":"","ocean_post_title_bg_image_size":"","ocean_post_title_height":0,"ocean_post_title_bg_overlay":0.5,"ocean_post_title_bg_overlay_color":"","ocean_disable_breadcrumbs":"default","ocean_breadcrumbs_color":"","ocean_breadcrumbs_separator_color":"","ocean_breadcrumbs_links_color":"","ocean_breadcrumbs_links_hover_color":"","ocean_display_footer_widgets":"default","ocean_display_footer_bottom":"default","ocean_custom_footer_template":"","footnotes":""},"class_list":["post-1093","page","type-page","status-publish","hentry","entry"],"_links":{"self":[{"href":"https:\/\/www.arluewa.de\/fr\/wp-json\/wp\/v2\/pages\/1093","targetHints":{"allow":["GET"]}}],"collection":[{"href":"https:\/\/www.arluewa.de\/fr\/wp-json\/wp\/v2\/pages"}],"about":[{"href":"https:\/\/www.arluewa.de\/fr\/wp-json\/wp\/v2\/types\/page"}],"author":[{"embeddable":true,"href":"https:\/\/www.arluewa.de\/fr\/wp-json\/wp\/v2\/users\/3"}],"replies":[{"embeddable":true,"href":"https:\/\/www.arluewa.de\/fr\/wp-json\/wp\/v2\/comments?post=1093"}],"version-history":[{"count":15,"href":"https:\/\/www.arluewa.de\/fr\/wp-json\/wp\/v2\/pages\/1093\/revisions"}],"predecessor-version":[{"id":3804,"href":"https:\/\/www.arluewa.de\/fr\/wp-json\/wp\/v2\/pages\/1093\/revisions\/3804"}],"up":[{"embeddable":true,"href":"https:\/\/www.arluewa.de\/fr\/wp-json\/wp\/v2\/pages\/1050"}],"wp:attachment":[{"href":"https:\/\/www.arluewa.de\/fr\/wp-json\/wp\/v2\/media?parent=1093"}],"curies":[{"name":"wp","href":"https:\/\/api.w.org\/{rel}","templated":true}]}}