{"id":1311,"date":"2016-07-07T13:46:57","date_gmt":"2016-07-07T13:46:57","guid":{"rendered":"https:\/\/www.arluewa.de\/\/fr\/?page_id=1311"},"modified":"2025-06-22T10:00:18","modified_gmt":"2025-06-22T10:00:18","slug":"galerie","status":"publish","type":"page","link":"https:\/\/www.arluewa.de\/fr\/galerie\/","title":{"rendered":"Galerie"},"content":{"rendered":"\t\t<div data-elementor-type=\"wp-page\" data-elementor-id=\"1311\" class=\"elementor elementor-1311 elementor-1280\">\n\t\t\t\t<div class=\"elementor-element elementor-element-1a5211b2 e-flex e-con-boxed e-con e-parent\" data-id=\"1a5211b2\" data-element_type=\"container\" data-e-type=\"container\">\n\t\t\t\t\t<div class=\"e-con-inner\">\n\t\t\t\t<div class=\"elementor-element elementor-element-67520a6 elementor-widget elementor-widget-heading\" data-id=\"67520a6\" data-element_type=\"widget\" data-e-type=\"widget\" data-widget_type=\"heading.default\">\n\t\t\t\t<div class=\"elementor-widget-container\">\n\t\t\t\t\t<h1 class=\"elementor-heading-title elementor-size-default\">Galerie<\/h1>\t\t\t\t<\/div>\n\t\t\t\t<\/div>\n\t\t\t\t<div class=\"elementor-element elementor-element-ea6746e elementor-widget elementor-widget-text-editor\" data-id=\"ea6746e\" data-element_type=\"widget\" data-e-type=\"widget\" data-widget_type=\"text-editor.default\">\n\t\t\t\t<div class=\"elementor-widget-container\">\n\t\t\t\t\t\t\t\t\t<p>C\u2019est avec beaucoup de plaisir que nous tenons \u00e0 faire r\u00e9gulierement des pr\u00e9sentations sur internet et des expositions dans nos locaux.<\/p>\n\t\t\t\t\t\t\t\t<\/div>\n\t\t\t\t<\/div>\n\t\t\t\t\t<\/div>\n\t\t\t\t<\/div>\n\t\t<div class=\"elementor-element elementor-element-c2c26d2 e-grid e-con-boxed e-con e-child\" data-id=\"c2c26d2\" data-element_type=\"container\" data-e-type=\"container\">\n\t\t\t\t\t<div class=\"e-con-inner\">\n\t\t\t\t<div class=\"elementor-element elementor-element-855d71f elementor-position-top elementor-widget elementor-widget-image-box\" data-id=\"855d71f\" data-element_type=\"widget\" data-e-type=\"widget\" data-widget_type=\"image-box.default\">\n\t\t\t\t<div class=\"elementor-widget-container\">\n\t\t\t\t\t<div class=\"elementor-image-box-wrapper\"><figure class=\"elementor-image-box-img\"><a href=\"https:\/\/www.arluewa.de\/fr\/galerie\/les-femmes\/\" tabindex=\"-1\"><img fetchpriority=\"high\" decoding=\"async\" width=\"700\" height=\"467\" src=\"https:\/\/www.arluewa.de\/wp-content\/uploads\/2022\/05\/IMG_9780-1.jpg\" class=\"attachment-full size-full wp-image-2828\" alt=\"\" srcset=\"https:\/\/www.arluewa.de\/wp-content\/uploads\/2022\/05\/IMG_9780-1.jpg 700w, https:\/\/www.arluewa.de\/wp-content\/uploads\/2022\/05\/IMG_9780-1-300x200.jpg 300w\" sizes=\"(max-width: 700px) 100vw, 700px\" \/><\/a><\/figure><div class=\"elementor-image-box-content\"><h3 class=\"elementor-image-box-title\"><a href=\"https:\/\/www.arluewa.de\/fr\/galerie\/les-femmes\/\">Les femmes<\/a><\/h3><p class=\"elementor-image-box-description\">Photolithographies de Reinhard Czens<br><br><\/p><\/div><\/div>\t\t\t\t<\/div>\n\t\t\t\t<\/div>\n\t\t\t\t<div class=\"elementor-element elementor-element-dc1bc90 elementor-position-top elementor-widget elementor-widget-image-box\" data-id=\"dc1bc90\" data-element_type=\"widget\" data-e-type=\"widget\" data-widget_type=\"image-box.default\">\n\t\t\t\t<div class=\"elementor-widget-container\">\n\t\t\t\t\t<div class=\"elementor-image-box-wrapper\"><figure class=\"elementor-image-box-img\"><a href=\"https:\/\/www.arluewa.de\/fr\/galerie\/photos-stenope-par-ferdi-stotz\/\" tabindex=\"-1\"><img decoding=\"async\" width=\"900\" height=\"837\" src=\"https:\/\/www.arluewa.de\/wp-content\/uploads\/2016\/05\/FS0167.jpg\" class=\"attachment-full size-full wp-image-694\" alt=\"\" srcset=\"https:\/\/www.arluewa.de\/wp-content\/uploads\/2016\/05\/FS0167.jpg 900w, https:\/\/www.arluewa.de\/wp-content\/uploads\/2016\/05\/FS0167-300x279.jpg 300w, https:\/\/www.arluewa.de\/wp-content\/uploads\/2016\/05\/FS0167-768x714.jpg 768w\" sizes=\"(max-width: 900px) 100vw, 900px\" \/><\/a><\/figure><div class=\"elementor-image-box-content\"><h3 class=\"elementor-image-box-title\"><a href=\"https:\/\/www.arluewa.de\/fr\/galerie\/photos-stenope-par-ferdi-stotz\/\">Photos st\u00e9nop\u00e9 par Ferdi Stotz<\/a><\/h3><p class=\"elementor-image-box-description\">r\u00e9alis\u00e9 avec un st\u00e9nop\u00e9 mod\u00e8le Agfa Isolette construit par ARL\u00dcWA<br><br>.<\/p><\/div><\/div>\t\t\t\t<\/div>\n\t\t\t\t<\/div>\n\t\t\t\t<div class=\"elementor-element elementor-element-6f57041 elementor-position-top elementor-widget elementor-widget-image-box\" data-id=\"6f57041\" data-element_type=\"widget\" data-e-type=\"widget\" data-widget_type=\"image-box.default\">\n\t\t\t\t<div class=\"elementor-widget-container\">\n\t\t\t\t\t<div class=\"elementor-image-box-wrapper\"><figure class=\"elementor-image-box-img\"><a href=\"https:\/\/www.arluewa.de\/fr\/galerie\/marylene-czens-aquarelles\/\" tabindex=\"-1\"><img decoding=\"async\" width=\"717\" height=\"539\" src=\"https:\/\/www.arluewa.de\/wp-content\/uploads\/2016\/05\/W_0284.jpg\" class=\"attachment-full size-full wp-image-1905\" alt=\"\" srcset=\"https:\/\/www.arluewa.de\/wp-content\/uploads\/2016\/05\/W_0284.jpg 717w, https:\/\/www.arluewa.de\/wp-content\/uploads\/2016\/05\/W_0284-300x226.jpg 300w, https:\/\/www.arluewa.de\/wp-content\/uploads\/2016\/05\/W_0284-200x150.jpg 200w\" sizes=\"(max-width: 717px) 100vw, 717px\" \/><\/a><\/figure><div class=\"elementor-image-box-content\"><h3 class=\"elementor-image-box-title\"><a href=\"https:\/\/www.arluewa.de\/fr\/galerie\/marylene-czens-aquarelles\/\">Aquarelles<\/a><\/h3><p class=\"elementor-image-box-description\">Marylene Czens<\/p><\/div><\/div>\t\t\t\t<\/div>\n\t\t\t\t<\/div>\n\t\t\t\t<div class=\"elementor-element elementor-element-f7cb683 elementor-position-top elementor-widget elementor-widget-image-box\" data-id=\"f7cb683\" data-element_type=\"widget\" data-e-type=\"widget\" data-widget_type=\"image-box.default\">\n\t\t\t\t<div class=\"elementor-widget-container\">\n\t\t\t\t\t<div class=\"elementor-image-box-wrapper\"><figure class=\"elementor-image-box-img\"><a href=\"https:\/\/www.arluewa.de\/fr\/galerie\/hommes-les-lieux\/\" tabindex=\"-1\"><img loading=\"lazy\" decoding=\"async\" width=\"957\" height=\"647\" src=\"https:\/\/www.arluewa.de\/wp-content\/uploads\/2016\/05\/ORTE_5422-cut.jpg\" class=\"attachment-full size-full wp-image-1186\" alt=\"\" srcset=\"https:\/\/www.arluewa.de\/wp-content\/uploads\/2016\/05\/ORTE_5422-cut.jpg 957w, https:\/\/www.arluewa.de\/wp-content\/uploads\/2016\/05\/ORTE_5422-cut-300x203.jpg 300w, https:\/\/www.arluewa.de\/wp-content\/uploads\/2016\/05\/ORTE_5422-cut-768x519.jpg 768w\" sizes=\"(max-width: 957px) 100vw, 957px\" \/><\/a><\/figure><div class=\"elementor-image-box-content\"><h3 class=\"elementor-image-box-title\"><a href=\"https:\/\/www.arluewa.de\/fr\/galerie\/hommes-les-lieux\/\">HOMMES LES LIEUX <\/a><\/h3><p class=\"elementor-image-box-description\">Cyanotypes de <br>Reinhard Czens<\/p><\/div><\/div>\t\t\t\t<\/div>\n\t\t\t\t<\/div>\n\t\t\t\t<div class=\"elementor-element elementor-element-fbae563 elementor-position-top elementor-widget elementor-widget-image-box\" data-id=\"fbae563\" data-element_type=\"widget\" data-e-type=\"widget\" data-widget_type=\"image-box.default\">\n\t\t\t\t<div class=\"elementor-widget-container\">\n\t\t\t\t\t<div class=\"elementor-image-box-wrapper\"><figure class=\"elementor-image-box-img\"><a href=\"https:\/\/www.arluewa.de\/fr\/galerie\/notes-urbaines\/\" tabindex=\"-1\"><img loading=\"lazy\" decoding=\"async\" width=\"1269\" height=\"944\" src=\"https:\/\/www.arluewa.de\/wp-content\/uploads\/2015\/05\/WZ_0399.jpg\" class=\"attachment-full size-full wp-image-2022\" alt=\"\" srcset=\"https:\/\/www.arluewa.de\/wp-content\/uploads\/2015\/05\/WZ_0399.jpg 1269w, https:\/\/www.arluewa.de\/wp-content\/uploads\/2015\/05\/WZ_0399-300x223.jpg 300w, https:\/\/www.arluewa.de\/wp-content\/uploads\/2015\/05\/WZ_0399-768x571.jpg 768w, https:\/\/www.arluewa.de\/wp-content\/uploads\/2015\/05\/WZ_0399-1024x762.jpg 1024w, https:\/\/www.arluewa.de\/wp-content\/uploads\/2015\/05\/WZ_0399-200x150.jpg 200w\" sizes=\"(max-width: 1269px) 100vw, 1269px\" \/><\/a><\/figure><div class=\"elementor-image-box-content\"><h3 class=\"elementor-image-box-title\"><a href=\"https:\/\/www.arluewa.de\/fr\/galerie\/notes-urbaines\/\">Notes urbaines <\/a><\/h3><p class=\"elementor-image-box-description\">Photolithographies <br>de Reinhard Czens<\/p><\/div><\/div>\t\t\t\t<\/div>\n\t\t\t\t<\/div>\n\t\t\t\t<div class=\"elementor-element elementor-element-9ebf0e1 elementor-position-top elementor-widget elementor-widget-image-box\" data-id=\"9ebf0e1\" data-element_type=\"widget\" data-e-type=\"widget\" data-widget_type=\"image-box.default\">\n\t\t\t\t<div class=\"elementor-widget-container\">\n\t\t\t\t\t<div class=\"elementor-image-box-wrapper\"><figure class=\"elementor-image-box-img\"><a href=\"https:\/\/www.arluewa.de\/fr\/galerie\/portraits-de-fleurs\/\" tabindex=\"-1\"><img loading=\"lazy\" decoding=\"async\" width=\"900\" height=\"634\" src=\"https:\/\/www.arluewa.de\/wp-content\/uploads\/2015\/05\/FLWR_RC7953.jpg\" class=\"attachment-full size-full wp-image-626\" alt=\"\" srcset=\"https:\/\/www.arluewa.de\/wp-content\/uploads\/2015\/05\/FLWR_RC7953.jpg 900w, https:\/\/www.arluewa.de\/wp-content\/uploads\/2015\/05\/FLWR_RC7953-300x211.jpg 300w, https:\/\/www.arluewa.de\/wp-content\/uploads\/2015\/05\/FLWR_RC7953-768x541.jpg 768w\" sizes=\"(max-width: 900px) 100vw, 900px\" \/><\/a><\/figure><div class=\"elementor-image-box-content\"><h3 class=\"elementor-image-box-title\"><a href=\"https:\/\/www.arluewa.de\/fr\/galerie\/portraits-de-fleurs\/\">Portraits de fleurs<\/a><\/h3><p class=\"elementor-image-box-description\">de Reinhard Czens<\/p><\/div><\/div>\t\t\t\t<\/div>\n\t\t\t\t<\/div>\n\t\t\t\t<div class=\"elementor-element elementor-element-01dc973 elementor-position-top elementor-widget elementor-widget-image-box\" data-id=\"01dc973\" data-element_type=\"widget\" data-e-type=\"widget\" data-widget_type=\"image-box.default\">\n\t\t\t\t<div class=\"elementor-widget-container\">\n\t\t\t\t\t<div class=\"elementor-image-box-wrapper\"><figure class=\"elementor-image-box-img\"><a href=\"https:\/\/www.arluewa.de\/fr\/galerie\/monotypies\/\" tabindex=\"-1\"><img loading=\"lazy\" decoding=\"async\" width=\"1181\" height=\"859\" src=\"https:\/\/www.arluewa.de\/wp-content\/uploads\/2015\/05\/sch0379.jpg\" class=\"attachment-full size-full wp-image-2093\" alt=\"\" srcset=\"https:\/\/www.arluewa.de\/wp-content\/uploads\/2015\/05\/sch0379.jpg 1181w, https:\/\/www.arluewa.de\/wp-content\/uploads\/2015\/05\/sch0379-300x218.jpg 300w, https:\/\/www.arluewa.de\/wp-content\/uploads\/2015\/05\/sch0379-768x559.jpg 768w, https:\/\/www.arluewa.de\/wp-content\/uploads\/2015\/05\/sch0379-1024x745.jpg 1024w\" sizes=\"(max-width: 1181px) 100vw, 1181px\" \/><\/a><\/figure><div class=\"elementor-image-box-content\"><h3 class=\"elementor-image-box-title\"><a href=\"https:\/\/www.arluewa.de\/fr\/galerie\/monotypies\/\">Monotypies<\/a><\/h3><p class=\"elementor-image-box-description\">de Reinhard Czens<\/p><\/div><\/div>\t\t\t\t<\/div>\n\t\t\t\t<\/div>\n\t\t\t\t\t<\/div>\n\t\t\t\t<\/div>\n\t\t\t\t<\/div>\n\t\t","protected":false},"excerpt":{"rendered":"<p>Galerie C\u2019est avec beaucoup de plaisir que nous tenons \u00e0 faire r\u00e9gulierement des pr\u00e9sentations sur internet et des expositions dans nos locaux. Les femmes Photolithographies de Reinhard Czens Photos st\u00e9nop\u00e9 par Ferdi Stotz r\u00e9alis\u00e9 avec un st\u00e9nop\u00e9 mod\u00e8le Agfa Isolette construit par ARL\u00dcWA . Aquarelles Marylene Czens HOMMES LES LIEUX Cyanotypes de Reinhard Czens Notes [&hellip;]<\/p>\n","protected":false},"author":3,"featured_media":0,"parent":0,"menu_order":0,"comment_status":"closed","ping_status":"closed","template":"elementor_header_footer","meta":{"ocean_post_layout":"","ocean_both_sidebars_style":"","ocean_both_sidebars_content_width":0,"ocean_both_sidebars_sidebars_width":0,"ocean_sidebar":"","ocean_second_sidebar":"","ocean_disable_margins":"enable","ocean_add_body_class":"","ocean_shortcode_before_top_bar":"","ocean_shortcode_after_top_bar":"","ocean_shortcode_before_header":"","ocean_shortcode_after_header":"","ocean_has_shortcode":"","ocean_shortcode_after_title":"","ocean_shortcode_before_footer_widgets":"","ocean_shortcode_after_footer_widgets":"","ocean_shortcode_before_footer_bottom":"","ocean_shortcode_after_footer_bottom":"","ocean_display_top_bar":"default","ocean_display_header":"default","ocean_header_style":"","ocean_center_header_left_menu":"","ocean_custom_header_template":"","ocean_custom_logo":0,"ocean_custom_retina_logo":0,"ocean_custom_logo_max_width":0,"ocean_custom_logo_tablet_max_width":0,"ocean_custom_logo_mobile_max_width":0,"ocean_custom_logo_max_height":0,"ocean_custom_logo_tablet_max_height":0,"ocean_custom_logo_mobile_max_height":0,"ocean_header_custom_menu":"","ocean_menu_typo_font_family":"","ocean_menu_typo_font_subset":"","ocean_menu_typo_font_size":0,"ocean_menu_typo_font_size_tablet":0,"ocean_menu_typo_font_size_mobile":0,"ocean_menu_typo_font_size_unit":"px","ocean_menu_typo_font_weight":"","ocean_menu_typo_font_weight_tablet":"","ocean_menu_typo_font_weight_mobile":"","ocean_menu_typo_transform":"","ocean_menu_typo_transform_tablet":"","ocean_menu_typo_transform_mobile":"","ocean_menu_typo_line_height":0,"ocean_menu_typo_line_height_tablet":0,"ocean_menu_typo_line_height_mobile":0,"ocean_menu_typo_line_height_unit":"","ocean_menu_typo_spacing":0,"ocean_menu_typo_spacing_tablet":0,"ocean_menu_typo_spacing_mobile":0,"ocean_menu_typo_spacing_unit":"","ocean_menu_link_color":"","ocean_menu_link_color_hover":"","ocean_menu_link_color_active":"","ocean_menu_link_background":"","ocean_menu_link_hover_background":"","ocean_menu_link_active_background":"","ocean_menu_social_links_bg":"","ocean_menu_social_hover_links_bg":"","ocean_menu_social_links_color":"","ocean_menu_social_hover_links_color":"","ocean_disable_title":"default","ocean_disable_heading":"default","ocean_post_title":"","ocean_post_subheading":"","ocean_post_title_style":"","ocean_post_title_background_color":"","ocean_post_title_background":0,"ocean_post_title_bg_image_position":"","ocean_post_title_bg_image_attachment":"","ocean_post_title_bg_image_repeat":"","ocean_post_title_bg_image_size":"","ocean_post_title_height":0,"ocean_post_title_bg_overlay":0.5,"ocean_post_title_bg_overlay_color":"","ocean_disable_breadcrumbs":"default","ocean_breadcrumbs_color":"","ocean_breadcrumbs_separator_color":"","ocean_breadcrumbs_links_color":"","ocean_breadcrumbs_links_hover_color":"","ocean_display_footer_widgets":"default","ocean_display_footer_bottom":"default","ocean_custom_footer_template":"","footnotes":""},"class_list":["post-1311","page","type-page","status-publish","hentry","entry"],"_links":{"self":[{"href":"https:\/\/www.arluewa.de\/fr\/wp-json\/wp\/v2\/pages\/1311","targetHints":{"allow":["GET"]}}],"collection":[{"href":"https:\/\/www.arluewa.de\/fr\/wp-json\/wp\/v2\/pages"}],"about":[{"href":"https:\/\/www.arluewa.de\/fr\/wp-json\/wp\/v2\/types\/page"}],"author":[{"embeddable":true,"href":"https:\/\/www.arluewa.de\/fr\/wp-json\/wp\/v2\/users\/3"}],"replies":[{"embeddable":true,"href":"https:\/\/www.arluewa.de\/fr\/wp-json\/wp\/v2\/comments?post=1311"}],"version-history":[{"count":9,"href":"https:\/\/www.arluewa.de\/fr\/wp-json\/wp\/v2\/pages\/1311\/revisions"}],"predecessor-version":[{"id":3816,"href":"https:\/\/www.arluewa.de\/fr\/wp-json\/wp\/v2\/pages\/1311\/revisions\/3816"}],"wp:attachment":[{"href":"https:\/\/www.arluewa.de\/fr\/wp-json\/wp\/v2\/media?parent=1311"}],"curies":[{"name":"wp","href":"https:\/\/api.w.org\/{rel}","templated":true}]}}