{"id":1540,"date":"2016-09-14T13:09:16","date_gmt":"2016-09-14T13:09:16","guid":{"rendered":"https:\/\/www.arluewa.de\/\/fr\/?page_id=1540"},"modified":"2025-06-22T09:00:57","modified_gmt":"2025-06-22T09:00:57","slug":"conditions","status":"publish","type":"page","link":"https:\/\/www.arluewa.de\/fr\/conditions\/","title":{"rendered":"Conditions"},"content":{"rendered":"\t\t<div data-elementor-type=\"wp-page\" data-elementor-id=\"1540\" class=\"elementor elementor-1540 elementor-587\">\n\t\t\t\t<div class=\"elementor-element elementor-element-3b36fc70 e-flex e-con-boxed e-con e-parent\" data-id=\"3b36fc70\" data-element_type=\"container\" data-e-type=\"container\">\n\t\t\t\t\t<div class=\"e-con-inner\">\n\t\t\t\t<div class=\"elementor-element elementor-element-9b0a57c elementor-widget elementor-widget-heading\" data-id=\"9b0a57c\" data-element_type=\"widget\" data-e-type=\"widget\" data-widget_type=\"heading.default\">\n\t\t\t\t<div class=\"elementor-widget-container\">\n\t\t\t\t\t<h1 class=\"elementor-heading-title elementor-size-default\">Conditions g\u00e9n\u00e9rales<\/h1>\t\t\t\t<\/div>\n\t\t\t\t<\/div>\n\t\t\t\t<div class=\"elementor-element elementor-element-1d64316e elementor-widget elementor-widget-text-editor\" data-id=\"1d64316e\" data-element_type=\"widget\" data-e-type=\"widget\" data-widget_type=\"text-editor.default\">\n\t\t\t\t<div class=\"elementor-widget-container\">\n\t\t\t\t\t\t\t\t\t<h3>Allgemeines<\/h3>\n<p>Reparaturen f\u00fchren wir zu diesen Bedingungen aus, sofern keine anderen schriftlichen Vereinbarungen bestehen. Einer abweichenden Gegenbest\u00e4tigung des Auftraggebers wird hiermit widersprochen.<\/p>\n<h3>Auftrag, Kostenvoranschlag, Reparatur<\/h3>\n<p>Kostenvoranschl\u00e4ge werden von uns nur auf Wunsch erstellt. Mit der Durchf\u00fchrung des Auftrages wird erst nach schriftlicher Best\u00e4tigung begonnen. Der angegebene Reparaturpreis kann um +\/- 15% differieren. Liegt uns nach vier Wochen kein Auftrag vor, wird das Ger\u00e4t unrepariert zur\u00fcckgesandt. Werden w\u00e4hrend der Reparatur weitere Fehler entdeckt, k\u00f6nnen wir die Arbeit unterbrechen und erst nach erneuter, schriftlicher Auftragserteilung fortsetzen. F\u00fcr unrepariert zur\u00fcckgehende Ger\u00e4te berechnen wir eine Bearbeitungsgeb\u00fchr. Garantiereparaturen werden umgehend ausgef\u00fchrt, sofern g\u00fcltige Garantieunterlagen vorliegen.<br \/>Gew\u00e4hrleistung<\/p>\n<p><strong>Nach Fertigstellung des Ger\u00e4ts leisten wir eine Garantie von einem Jahr. Die Gew\u00e4hrleistung<\/strong> beschr\u00e4nkt sich auf Nachbesserung der ausgef\u00fchrten Reparatur. Bei erfolgloser Nachbesserung kann der Besteller die Herabsetzung des Reparaturpreises oder die R\u00fcckg\u00e4ngigmachung des Auftrages verlangen. Weitere Anspr\u00fcche auf Ersatz indirekter Sch\u00e4den, sowie von Filmmaterial sind ausgeschlossen. Die Gew\u00e4hrleistung erlischt bei unsachgem\u00e4\u00dfem Gebrauch, Herunterfallen des Ger\u00e4tes, Eigenreparatur des Bestellers, Wassersch\u00e4den, sowie falscher Lagerung.<br \/>Haftung<\/p>\n<p><strong>F\u00fcr Schaden oder Verlust des Ger\u00e4tes haften wir nur bei grober Fahrl\u00e4ssigkeit.<\/strong> Bei Besch\u00e4digung wird das Ger\u00e4t kostenfrei instandgesetzt. Die R\u00fccksendung der Ger\u00e4te wird auf Kosten und Gefahr des Bestellers vorgenommen. Transportsch\u00e4den sind unverz\u00fcglich mit der schriftlichen Bescheinigung von Post, Bahn oder Spediteur anzuzeigen. Die Haftung entf\u00e4llt, wenn das Ger\u00e4t nicht innerhalb von drei Monaten abgeholt oder bei \u00dcbersendung angenommen wird.<br \/>Zahlung<\/p>\n<p><strong>Aufbewahrungsfrist<\/strong><br \/>Mit \u00dcberlassung der Reparaturware verpflichtet sich der Auftraggeber zur Abholung\/Annahme der reparierten Produkte nach Fertigstellung innerhalb von zwei Monaten.<br \/>Bei Nichteinhaltung dieser Frist erfolgt eine Aufforderung zur Abholung\/annahme unter Mitteilung einer Nachfrist von weiteren vier Wochen. Nach Ablauf der Nachfrist sind wir berechtigt, die Reparaturware freih\u00e4ndig zu ver\u00e4u\u00dfern und aus dem erzielten Erl\u00f6s die Reparaturkosten sowie entstandene Lager- und Ver\u00e4u\u00dferungskosten auszugleichen.<br \/>Bei Ger\u00e4ten, die nach abgelehneten oder nicht beantworteten Kostenvoranschlag nicht abgeholt oder angenommen werden, sind wir nach Ablauf einer Frist von zwei Monaten berechtigt, die Sache ohne weitere Aufforderung zu entsorgen oder entsprechend der S\u00e4tze 3 und 4 zu verfahren.<br \/>Die Aufbewahrungsfrist f\u00fcr Reaparaturger\u00e4te, die ohne Absender eintreffen betr\u00e4gt sechs Monate. Nach Ablauf dieser Frist kann mit Ger\u00e4ten entsprechend der S\u00e4tze 3 bis 5 verfahren werden.<\/p>\n<p><strong>Reparaturrechnungen<\/strong> sind sofort bar, ohne Abzug bei Abholung bzw. Zusendung per Nachnahme zu zahlen. Die Aufrechnung von Gegenanspr\u00fcchen ist ausgeschlossen. Zahlungsverweigerung berechtigt zur Aus\u00fcbung des Unternehmerpfandrechts am reparierten Ger\u00e4t.<\/p>\n<p><strong>Erf\u00fcllungsort und Gerichtsstand<\/strong><\/p>\n<p>Erf\u00fcllungsort ist K\u00f6ln. Gerichtsstand ist K\u00f6ln soweit der Reparaturauftrag zum Betrieb des Handelgewerbes des Bestellers geh\u00f6rt, sonst Wohnsitz des Bestellers.<\/p>\n<p>ARL\u00dcWA CZENS GmbH<br \/>Lindenstr. 1<br \/>50674 K\u00f6ln<\/p>\n\t\t\t\t\t\t\t\t<\/div>\n\t\t\t\t<\/div>\n\t\t\t\t\t<\/div>\n\t\t\t\t<\/div>\n\t\t\t\t<\/div>\n\t\t","protected":false},"excerpt":{"rendered":"<p>Conditions g\u00e9n\u00e9rales Allgemeines Reparaturen f\u00fchren wir zu diesen Bedingungen aus, sofern keine anderen schriftlichen Vereinbarungen bestehen. Einer abweichenden Gegenbest\u00e4tigung des Auftraggebers wird hiermit widersprochen. Auftrag, Kostenvoranschlag, Reparatur Kostenvoranschl\u00e4ge werden von uns nur auf Wunsch erstellt. Mit der Durchf\u00fchrung des Auftrages wird erst nach schriftlicher Best\u00e4tigung begonnen. Der angegebene Reparaturpreis kann um +\/- 15% differieren. Liegt [&hellip;]<\/p>\n","protected":false},"author":3,"featured_media":0,"parent":0,"menu_order":0,"comment_status":"closed","ping_status":"closed","template":"elementor_header_footer","meta":{"ocean_post_layout":"","ocean_both_sidebars_style":"","ocean_both_sidebars_content_width":0,"ocean_both_sidebars_sidebars_width":0,"ocean_sidebar":"","ocean_second_sidebar":"","ocean_disable_margins":"enable","ocean_add_body_class":"","ocean_shortcode_before_top_bar":"","ocean_shortcode_after_top_bar":"","ocean_shortcode_before_header":"","ocean_shortcode_after_header":"","ocean_has_shortcode":"","ocean_shortcode_after_title":"","ocean_shortcode_before_footer_widgets":"","ocean_shortcode_after_footer_widgets":"","ocean_shortcode_before_footer_bottom":"","ocean_shortcode_after_footer_bottom":"","ocean_display_top_bar":"default","ocean_display_header":"default","ocean_header_style":"","ocean_center_header_left_menu":"","ocean_custom_header_template":"","ocean_custom_logo":0,"ocean_custom_retina_logo":0,"ocean_custom_logo_max_width":0,"ocean_custom_logo_tablet_max_width":0,"ocean_custom_logo_mobile_max_width":0,"ocean_custom_logo_max_height":0,"ocean_custom_logo_tablet_max_height":0,"ocean_custom_logo_mobile_max_height":0,"ocean_header_custom_menu":"","ocean_menu_typo_font_family":"","ocean_menu_typo_font_subset":"","ocean_menu_typo_font_size":0,"ocean_menu_typo_font_size_tablet":0,"ocean_menu_typo_font_size_mobile":0,"ocean_menu_typo_font_size_unit":"px","ocean_menu_typo_font_weight":"","ocean_menu_typo_font_weight_tablet":"","ocean_menu_typo_font_weight_mobile":"","ocean_menu_typo_transform":"","ocean_menu_typo_transform_tablet":"","ocean_menu_typo_transform_mobile":"","ocean_menu_typo_line_height":0,"ocean_menu_typo_line_height_tablet":0,"ocean_menu_typo_line_height_mobile":0,"ocean_menu_typo_line_height_unit":"","ocean_menu_typo_spacing":0,"ocean_menu_typo_spacing_tablet":0,"ocean_menu_typo_spacing_mobile":0,"ocean_menu_typo_spacing_unit":"","ocean_menu_link_color":"","ocean_menu_link_color_hover":"","ocean_menu_link_color_active":"","ocean_menu_link_background":"","ocean_menu_link_hover_background":"","ocean_menu_link_active_background":"","ocean_menu_social_links_bg":"","ocean_menu_social_hover_links_bg":"","ocean_menu_social_links_color":"","ocean_menu_social_hover_links_color":"","ocean_disable_title":"default","ocean_disable_heading":"default","ocean_post_title":"","ocean_post_subheading":"","ocean_post_title_style":"","ocean_post_title_background_color":"","ocean_post_title_background":0,"ocean_post_title_bg_image_position":"","ocean_post_title_bg_image_attachment":"","ocean_post_title_bg_image_repeat":"","ocean_post_title_bg_image_size":"","ocean_post_title_height":0,"ocean_post_title_bg_overlay":0.5,"ocean_post_title_bg_overlay_color":"","ocean_disable_breadcrumbs":"default","ocean_breadcrumbs_color":"","ocean_breadcrumbs_separator_color":"","ocean_breadcrumbs_links_color":"","ocean_breadcrumbs_links_hover_color":"","ocean_display_footer_widgets":"default","ocean_display_footer_bottom":"default","ocean_custom_footer_template":"","footnotes":""},"class_list":["post-1540","page","type-page","status-publish","hentry","entry"],"_links":{"self":[{"href":"https:\/\/www.arluewa.de\/fr\/wp-json\/wp\/v2\/pages\/1540","targetHints":{"allow":["GET"]}}],"collection":[{"href":"https:\/\/www.arluewa.de\/fr\/wp-json\/wp\/v2\/pages"}],"about":[{"href":"https:\/\/www.arluewa.de\/fr\/wp-json\/wp\/v2\/types\/page"}],"author":[{"embeddable":true,"href":"https:\/\/www.arluewa.de\/fr\/wp-json\/wp\/v2\/users\/3"}],"replies":[{"embeddable":true,"href":"https:\/\/www.arluewa.de\/fr\/wp-json\/wp\/v2\/comments?post=1540"}],"version-history":[{"count":2,"href":"https:\/\/www.arluewa.de\/fr\/wp-json\/wp\/v2\/pages\/1540\/revisions"}],"predecessor-version":[{"id":3772,"href":"https:\/\/www.arluewa.de\/fr\/wp-json\/wp\/v2\/pages\/1540\/revisions\/3772"}],"wp:attachment":[{"href":"https:\/\/www.arluewa.de\/fr\/wp-json\/wp\/v2\/media?parent=1540"}],"curies":[{"name":"wp","href":"https:\/\/api.w.org\/{rel}","templated":true}]}}