{"id":3773,"date":"2025-06-22T09:03:03","date_gmt":"2025-06-22T09:03:03","guid":{"rendered":"https:\/\/www.arluewa.de\/confidentialite-des-donnees\/"},"modified":"2025-06-22T09:03:03","modified_gmt":"2025-06-22T09:03:03","slug":"confidentialite-des-donnees","status":"publish","type":"page","link":"https:\/\/www.arluewa.de\/fr\/confidentialite-des-donnees\/","title":{"rendered":"Confidentialit\u00e9 des donn\u00e9es"},"content":{"rendered":"\t\t<div data-elementor-type=\"wp-page\" data-elementor-id=\"3773\" class=\"elementor elementor-3773 elementor-3150\">\n\t\t\t\t<div class=\"elementor-element elementor-element-86bee4d e-flex e-con-boxed e-con e-parent\" data-id=\"86bee4d\" data-element_type=\"container\" data-e-type=\"container\">\n\t\t\t\t\t<div class=\"e-con-inner\">\n\t\t\t\t<div class=\"elementor-element elementor-element-34ab0e5 elementor-widget elementor-widget-heading\" data-id=\"34ab0e5\" data-element_type=\"widget\" data-e-type=\"widget\" data-widget_type=\"heading.default\">\n\t\t\t\t<div class=\"elementor-widget-container\">\n\t\t\t\t\t<h1 class=\"elementor-heading-title elementor-size-default\">Confidentialit\u00e9 des donn\u00e9es<\/h1>\t\t\t\t<\/div>\n\t\t\t\t<\/div>\n\t\t\t\t<div class=\"elementor-element elementor-element-6990744 elementor-widget elementor-widget-text-editor\" data-id=\"6990744\" data-element_type=\"widget\" data-e-type=\"widget\" data-widget_type=\"text-editor.default\">\n\t\t\t\t<div class=\"elementor-widget-container\">\n\t\t\t\t\t\t\t\t\t<h4>1. la vie priv\u00e9e en un coup d\u2019\u0153il <\/h4><br><h3>Informations g\u00e9n\u00e9rales <\/h3><br><p>Les informations suivantes donnent un aper\u00e7u simple de ce qu\u2019il advient de vos donn\u00e9es personnelles lorsque vous visitez notre site Web. Les donn\u00e9es personnelles sont toutes les donn\u00e9es avec lesquelles vous pouvez \u00eatre identifi\u00e9 personnellement. Vous trouverez des informations d\u00e9taill\u00e9es sur le sujet de la protection des donn\u00e9es dans notre d\u00e9claration de protection des donn\u00e9es \u00e9num\u00e9r\u00e9es sous ce texte.<\/p><br><h3>Collecte de donn\u00e9es sur notre site Web <\/h3><br><p><strong>Qui est responsable de la collecte de donn\u00e9es sur ce site Web ?<\/strong><\/p><br><p> Le traitement des donn\u00e9es sur ce site Web est effectu\u00e9 par l\u2019exploitant du site Web. Vous trouverez ses coordonn\u00e9es dans les mentions l\u00e9gales de ce site.<\/p><br><p><strong>Comment recueillons-nous vos donn\u00e9es ?<\/strong><\/p><br><p><\/p><p>Vos donn\u00e9es sont collect\u00e9es en nous les fournissant. Il peut s\u2019agir de donn\u00e9es que vous saisissez dans un formulaire de contact, par exemple.D\u2019autres donn\u00e9es sont automatiquement collect\u00e9es par nos syst\u00e8mes informatiques lorsque vous visitez le site Web. Il s\u2019agit principalement de donn\u00e9es techniques (p. ex. navigateur Internet, syst\u00e8me d\u2019exploitation ou temps de consultation des pages). Ces donn\u00e9es sont collect\u00e9es automatiquement d\u00e8s que vous entrez sur notre site Web.<\/p><br><p><strong>\u00c0 quoi utilisons-nous vos donn\u00e9es ?<\/strong><\/p><br><p> Certaines donn\u00e9es sont recueillies afin d\u2019assurer la mise \u00e0 disposition du site Web sans erreur. D\u2019autres donn\u00e9es peuvent \u00eatre utilis\u00e9es pour analyser votre comportement d\u2019utilisateur.<\/p><br><p><strong>Quels droits avez-vous sur vos donn\u00e9es ?<\/strong><\/p><br><p> Vous avez le droit de recevoir \u00e0 tout moment et gratuitement des informations sur l\u2019origine, le destinataire et la finalit\u00e9 de vos donn\u00e9es personnelles stock\u00e9es. Vous avez \u00e9galement le droit de demander la correction, le blocage ou la suppression de ces donn\u00e9es. Si vous avez d\u2019autres questions sur la protection des donn\u00e9es, vous pouvez nous contacter \u00e0 tout moment \u00e0 l\u2019adresse indiqu\u00e9e dans les mentions l\u00e9gales. Vous avez \u00e9galement le droit de faire appel aupr\u00e8s de l\u2019autorit\u00e9 de surveillance comp\u00e9tente.<\/p><br><h3>Outils d\u2019analyse et outils tiers <\/h3><br><p>Votre comportement de navigation peut \u00eatre \u00e9valu\u00e9 statistiquement lorsque vous visitez notre site Web. Cela se fait principalement \u00e0 l\u2019aide de cookies et de programmes d\u2019analyse. L\u2019analyse de votre comportement de surf est g\u00e9n\u00e9ralement anonyme ; le comportement de surf ne peut pas \u00eatre retrac\u00e9 jusqu\u2019\u00e0 vous. Vous pouvez vous opposer \u00e0 cette analyse ou l\u2019emp\u00eacher en n\u2019utilisant pas certains outils. Vous trouverez des informations d\u00e9taill\u00e9es \u00e0 ce sujet dans la d\u00e9claration de protection des donn\u00e9es suivante.Vous pouvez vous opposer \u00e0 cette analyse. Nous vous informerons des possibilit\u00e9s d\u2019opposition dans cette d\u00e9claration de protection des donn\u00e9es.<\/p><br><h4>2. Notes g\u00e9n\u00e9rales et informations obligatoires <\/h4><br><h3>Protection des donn\u00e9es <\/h3><br><p>Les op\u00e9rateurs de ces pages prennent la protection de vos donn\u00e9es personnelles tr\u00e8s au s\u00e9rieux. Nous traitons vos donn\u00e9es personnelles de mani\u00e8re confidentielle et conform\u00e9ment aux dispositions l\u00e9gales en mati\u00e8re de protection des donn\u00e9es et \u00e0 la pr\u00e9sente d\u00e9claration de protection des donn\u00e9es.Lorsque vous utilisez ce site Web, diverses donn\u00e9es personnelles sont collect\u00e9es. Les donn\u00e9es personnelles sont des donn\u00e9es permettant de vous identifier personnellement. Cette d\u00e9claration de protection des donn\u00e9es explique quelles donn\u00e9es nous collectons et pour quoi nous les utilisons. Il explique \u00e9galement comment et dans quel but.<\/p><br><p>Nous attirons votre attention sur le fait que la transmission de donn\u00e9es sur Internet (par ex. lors de la communication par e-mail) peut pr\u00e9senter des failles de s\u00e9curit\u00e9. Une protection compl\u00e8te des donn\u00e9es contre l\u2019acc\u00e8s par des tiers n\u2019est pas possible.<\/p><br><h3>Note sur le responsable <\/h3><br><p>Le responsable du traitement des donn\u00e9es sur ce site est:<\/p><br><p>Arl\u00fcwa Czens GmbH.<br>\r\nLindenstr. 1<br>\r\n50674 Cologne<\/p><br><p>T\u00e9l\u00e9phone : +49 (0)221 \u2013 2 57 38 70<\/p><br><p>.<\/p><br><p> Le responsable est la personne physique ou morale qui, seule ou avec d\u2019autres, d\u00e9cide des finalit\u00e9s et des moyens de traitement des donn\u00e9es personnelles (par exemple, noms, adresses e-mail, etc.).<\/p><br><h3>R\u00e9vocation de votre consentement au traitement des donn\u00e9es <\/h3><br><p>Plusieurs op\u00e9rations de traitement des donn\u00e9es ne sont possibles qu\u2019avec votre consentement expr\u00e8s. Vous pouvez r\u00e9voquer votre consentement \u00e0 tout moment. Tout ce que vous avez \u00e0 faire est de nous envoyer un e-mail informel. La l\u00e9galit\u00e9 du traitement des donn\u00e9es jusqu\u2019\u00e0 la r\u00e9vocation n\u2019est pas affect\u00e9e par la r\u00e9vocation.<\/p><br><h3>Droit de recours aupr\u00e8s de l\u2019autorit\u00e9 de contr\u00f4le comp\u00e9tente <\/h3><br><p> En cas de violation de la protection des donn\u00e9es, la personne concern\u00e9e dispose d\u2019un droit de recours aupr\u00e8s de l\u2019autorit\u00e9 de contr\u00f4le comp\u00e9tente. L\u2019autorit\u00e9 de contr\u00f4le comp\u00e9tente en mati\u00e8re de protection des donn\u00e9es est le d\u00e9l\u00e9gu\u00e9 \u00e0 la protection des donn\u00e9es de l\u2019\u00c9tat f\u00e9d\u00e9ral dans lequel notre entreprise a son si\u00e8ge. Une liste des d\u00e9l\u00e9gu\u00e9s \u00e0 la protection des donn\u00e9es et leurs coordonn\u00e9es se trouve sur le lien suivant : <a href=\"https:\/\/www.bfdi.bund.de\/DE\/Infothek\/Anschriften_Links\/addresses_links-node.html\" target=\"_blank\">https:\/\/www.bfdi.bund.de\/DE\/Infothek\/Anschriften_Links\/addresses_links-node.html<\/a>.<\/p><br><h3>Right to Data Transferability<\/h3><br><p>Vous avez le droit de faire traiter automatiquement les donn\u00e9es que nous traitons sur la base de votre consentement ou dans le cadre de l\u2019ex\u00e9cution d\u2019un contrat qui vous est remis \u00e0 vous-m\u00eame ou \u00e0 un tiers dans un format commun, lisible par machine. Si vous demandez le transfert direct des donn\u00e9es \u00e0 un autre responsable, cela n\u2019aura lieu que si cela est techniquement possible.<\/p><br><p><!--\r\nCe site utilise le cryptage SSL ou TLS pour des raisons de s\u00e9curit\u00e9 et pour prot\u00e9ger la transmission de contenu confidentiel, comme les commandes ou les demandes que vous nous envoyez en tant qu'op\u00e9rateur du site. Vous pouvez reconna\u00eetre une connexion crypt\u00e9e par le fait que la ligne d'adresse du navigateur passe de \"http:\/\/\" \u00e0 \"https:\/\/\" et par le symbole du cadenas dans la ligne de votre navigateur.<\/p><br><br> <br><br><p> Si le cryptage SSL ou TLS est activ\u00e9, les donn\u00e9es que vous nous transmettez ne peuvent pas \u00eatre lues par des tiers.<\/p><br><br><br>--><\/p><br><h3>information, blocage, suppression <\/h3><br><p> information, suppression<br>\r\nVous avez le droit d\u2019obtenir \u00e0 tout moment, dans le cadre des dispositions l\u00e9gales en vigueur, des informations gratuites sur vos donn\u00e9es personnelles stock\u00e9es, leur origine et leurs destinataires, ainsi que sur la finalit\u00e9 du traitement des donn\u00e9es et, le cas \u00e9ch\u00e9ant, un droit de rectification, de blocage ou de suppression de ces donn\u00e9es. Vous pouvez nous contacter \u00e0 tout moment \u00e0 l\u2019adresse indiqu\u00e9e dans les mentions l\u00e9gales si vous avez d\u2019autres questions sur le sujet des donn\u00e9es personnelles.<\/p><br><h4>3. collecte de donn\u00e9es sur notre site Web <\/h4><br><h3>Cookies<\/h3><br><p>Les pages Internet utilisent en partie des cookies. Les cookies ne causent aucun dommage \u00e0 votre ordinateur et ne contiennent aucun virus. Les cookies servent \u00e0 rendre notre site Web plus convivial, plus efficace et plus s\u00fbr. Les cookies sont de petits fichiers texte qui sont stock\u00e9s sur votre ordinateur et enregistr\u00e9s par votre navigateur.<\/p><br><p> La plupart des cookies que nous utilisons sont des \u00ab&nbsp;cookies de session&nbsp;\u00bb. Ils sont automatiquement supprim\u00e9s \u00e0 la fin de votre visite. D\u2019autres cookies restent stock\u00e9s sur votre terminal jusqu\u2019\u00e0 ce que vous les supprimiez. Ces cookies nous permettent de reconna\u00eetre votre navigateur lors de votre prochaine visite sur notre site Web.<\/p><br><p> Vous pouvez configurer votre navigateur de telle sorte que vous soyez inform\u00e9 de la configuration des cookies et n\u2019autorisez les cookies que dans des cas individuels, excluez l\u2019acceptation des cookies pour certains cas ou de mani\u00e8re g\u00e9n\u00e9rale et activez la suppression automatique des cookies lors de la fermeture du navigateur. Lorsque les cookies sont d\u00e9sactiv\u00e9s, la fonctionnalit\u00e9 de ce site Web peut \u00eatre limit\u00e9e.Les cookies n\u00e9cessaires \u00e0 l\u2019ex\u00e9cution du processus de communication \u00e9lectronique ou \u00e0 la mise \u00e0 disposition de certaines fonctions que vous souhaitez (par ex. fonction panier) sont enregistr\u00e9s sur la base de l\u2019art. 6 al. 1 let. f DSGVO. L\u2019exploitant du site Web a un int\u00e9r\u00eat l\u00e9gitime \u00e0 ce que les cookies soient stock\u00e9s pour que ses services soient techniquement exempts d\u2019erreurs et optimis\u00e9s. Dans la mesure o\u00f9 d\u2019autres cookies (par exemple des cookies pour l\u2019analyse de votre comportement de navigation) sont stock\u00e9s, ceux-ci seront trait\u00e9s s\u00e9par\u00e9ment dans la pr\u00e9sente d\u00e9claration de protection des donn\u00e9es.<\/p><br><h3>Fichiers journaux du serveur <\/h3><br><p>Le fournisseur des pages recueille et stocke automatiquement des informations dans des fichiers journaux du serveur, que votre navigateur nous transmet automatiquement. Celles-ci le sont :<\/p><br><ul>\r\n<li> type de navigateur et version du navigateur <\/li>\r\n<li> syst\u00e8me d\u2019exploitation utilis\u00e9 <\/li>\r\n<li> referrer URL<\/li>\r\n<li> nom d\u2019h\u00f4te de l\u2019ordinateur acc\u00e9dant <\/li>\r\n<li> temps de requ\u00eate serveur <\/li>\r\n<li> adresse IP&gt; <\/li>\r\n<\/ul><br><p> aucune fusion de ces donn\u00e9es avec d\u2019autres sources de donn\u00e9es n\u2019est effectu\u00e9e.La base du traitement des donn\u00e9es est l\u2019art. 6 al. 1 let. f DSGVO, qui permet le traitement des donn\u00e9es pour l\u2019ex\u00e9cution d\u2019un contrat ou de mesures pr\u00e9contractuelles.<\/p><br><h3>Traitement des donn\u00e9es (donn\u00e9es clients et donn\u00e9es contractuelles)<\/h3><br><p>Nous ne collectons, traitons et utilisons les donn\u00e9es personnelles que dans la mesure n\u00e9cessaire \u00e0 l\u2019\u00e9tablissement, \u00e0 la conception du contenu ou \u00e0 la modification de la relation juridique (donn\u00e9es d\u2019inventaire). Cela se fait sur la base de l\u2019art. 6 al. 1 lit. b DSGVO, qui permet le traitement des donn\u00e9es pour l\u2019ex\u00e9cution d\u2019un contrat ou de mesures pr\u00e9contractuelles. Nous recueillons, traitons et utilisons les donn\u00e9es personnelles concernant l\u2019utilisation de nos pages Internet (donn\u00e9es d\u2019utilisation) uniquement dans la mesure n\u00e9cessaire pour permettre ou facturer \u00e0 l\u2019utilisateur l\u2019utilisation du service.<\/p><br><p> Les donn\u00e9es client collect\u00e9es seront effac\u00e9es apr\u00e8s l\u2019ex\u00e9cution de la commande ou la fin de la relation commerciale. Les d\u00e9lais de conservation l\u00e9gaux ne sont pas affect\u00e9s.<\/p><br><h3>Transfert de donn\u00e9es lors de la conclusion du contrat pour les services et les contenus num\u00e9riques <\/h3><br><p>Nous ne transf\u00e9rons les donn\u00e9es personnelles \u00e0 des tiers que si cela est n\u00e9cessaire dans le cadre du traitement contractuel, par exemple \u00e0 l\u2019\u00e9tablissement de cr\u00e9dit charg\u00e9 du traitement des paiements.La transmission ult\u00e9rieure des donn\u00e9es n\u2019aura pas lieu ou seulement si vous avez express\u00e9ment consenti \u00e0 la transmission. Vos donn\u00e9es ne seront pas transmises \u00e0 des tiers sans votre consentement expr\u00e8s, par exemple \u00e0 des fins publicitaires.La base du traitement des donn\u00e9es est l\u2019art. 6 al. 1 lit. b DSGVO, qui permet le traitement des donn\u00e9es pour l\u2019ex\u00e9cution d\u2019un contrat ou de mesures pr\u00e9contractuelles.<\/p><br><h3>Bordereau<\/h3><br><p>Si vous nous envoyez des demandes de renseignements par lettre de voiture, vos donn\u00e9es du formulaire de demande, y compris les donn\u00e9es de contact que vous y avez fournies, seront stock\u00e9es pour le traitement de la demande\/r\u00e9paration et en cas de questions compl\u00e9mentaires. Nous ne transmettrons pas ces donn\u00e9es sans votre consentement.Le traitement des donn\u00e9es saisies dans la lettre de voiture est donc exclusivement bas\u00e9 sur votre consentement (art. 6 al. 1 lit. a DSGVO). Vous pouvez r\u00e9voquer ce consentement \u00e0 tout moment. Tout ce que vous avez \u00e0 faire est de nous envoyer un e-mail informel. La l\u00e9galit\u00e9 des traitements de donn\u00e9es effectu\u00e9s jusqu\u2019\u00e0 la r\u00e9vocation n\u2019est pas affect\u00e9e par la r\u00e9vocation.Les donn\u00e9es que vous entrez dans la lettre de voiture resteront avec nous jusqu\u2019\u00e0 ce que vous demandiez la suppression, r\u00e9voquez votre consentement pour le stockage ou que la finalit\u00e9 du stockage des donn\u00e9es cesse de s\u2019appliquer (par exemple, apr\u00e8s que le traitement de votre demande\/ordre de r\u00e9paration a \u00e9t\u00e9 compl\u00e9t\u00e9). Les dispositions l\u00e9gales obligatoires \u2013 en particulier les d\u00e9lais de conservation \u2013 ne sont pas affect\u00e9es.<\/p>\t\t\t\t\t\t\t\t<\/div>\n\t\t\t\t<\/div>\n\t\t\t\t\t<\/div>\n\t\t\t\t<\/div>\n\t\t\t\t<\/div>\n\t\t","protected":false},"excerpt":{"rendered":"<p>Confidentialit\u00e9 des donn\u00e9es 1. la vie priv\u00e9e en un coup d\u2019\u0153il Informations g\u00e9n\u00e9rales Les informations suivantes donnent un aper\u00e7u simple de ce qu\u2019il advient de vos donn\u00e9es personnelles lorsque vous visitez notre site Web. Les donn\u00e9es personnelles sont toutes les donn\u00e9es avec lesquelles vous pouvez \u00eatre identifi\u00e9 personnellement. Vous trouverez des informations d\u00e9taill\u00e9es sur le [&hellip;]<\/p>\n","protected":false},"author":3,"featured_media":0,"parent":0,"menu_order":0,"comment_status":"closed","ping_status":"closed","template":"elementor_header_footer","meta":{"ocean_post_layout":"","ocean_both_sidebars_style":"","ocean_both_sidebars_content_width":0,"ocean_both_sidebars_sidebars_width":0,"ocean_sidebar":"","ocean_second_sidebar":"","ocean_disable_margins":"enable","ocean_add_body_class":"","ocean_shortcode_before_top_bar":"","ocean_shortcode_after_top_bar":"","ocean_shortcode_before_header":"","ocean_shortcode_after_header":"","ocean_has_shortcode":"","ocean_shortcode_after_title":"","ocean_shortcode_before_footer_widgets":"","ocean_shortcode_after_footer_widgets":"","ocean_shortcode_before_footer_bottom":"","ocean_shortcode_after_footer_bottom":"","ocean_display_top_bar":"default","ocean_display_header":"default","ocean_header_style":"","ocean_center_header_left_menu":"","ocean_custom_header_template":"","ocean_custom_logo":0,"ocean_custom_retina_logo":0,"ocean_custom_logo_max_width":0,"ocean_custom_logo_tablet_max_width":0,"ocean_custom_logo_mobile_max_width":0,"ocean_custom_logo_max_height":0,"ocean_custom_logo_tablet_max_height":0,"ocean_custom_logo_mobile_max_height":0,"ocean_header_custom_menu":"","ocean_menu_typo_font_family":"","ocean_menu_typo_font_subset":"","ocean_menu_typo_font_size":0,"ocean_menu_typo_font_size_tablet":0,"ocean_menu_typo_font_size_mobile":0,"ocean_menu_typo_font_size_unit":"px","ocean_menu_typo_font_weight":"","ocean_menu_typo_font_weight_tablet":"","ocean_menu_typo_font_weight_mobile":"","ocean_menu_typo_transform":"","ocean_menu_typo_transform_tablet":"","ocean_menu_typo_transform_mobile":"","ocean_menu_typo_line_height":0,"ocean_menu_typo_line_height_tablet":0,"ocean_menu_typo_line_height_mobile":0,"ocean_menu_typo_line_height_unit":"","ocean_menu_typo_spacing":0,"ocean_menu_typo_spacing_tablet":0,"ocean_menu_typo_spacing_mobile":0,"ocean_menu_typo_spacing_unit":"","ocean_menu_link_color":"","ocean_menu_link_color_hover":"","ocean_menu_link_color_active":"","ocean_menu_link_background":"","ocean_menu_link_hover_background":"","ocean_menu_link_active_background":"","ocean_menu_social_links_bg":"","ocean_menu_social_hover_links_bg":"","ocean_menu_social_links_color":"","ocean_menu_social_hover_links_color":"","ocean_disable_title":"default","ocean_disable_heading":"default","ocean_post_title":"","ocean_post_subheading":"","ocean_post_title_style":"","ocean_post_title_background_color":"","ocean_post_title_background":0,"ocean_post_title_bg_image_position":"","ocean_post_title_bg_image_attachment":"","ocean_post_title_bg_image_repeat":"","ocean_post_title_bg_image_size":"","ocean_post_title_height":0,"ocean_post_title_bg_overlay":0.5,"ocean_post_title_bg_overlay_color":"","ocean_disable_breadcrumbs":"default","ocean_breadcrumbs_color":"","ocean_breadcrumbs_separator_color":"","ocean_breadcrumbs_links_color":"","ocean_breadcrumbs_links_hover_color":"","ocean_display_footer_widgets":"default","ocean_display_footer_bottom":"default","ocean_custom_footer_template":"","footnotes":""},"class_list":["post-3773","page","type-page","status-publish","hentry","entry"],"_links":{"self":[{"href":"https:\/\/www.arluewa.de\/fr\/wp-json\/wp\/v2\/pages\/3773","targetHints":{"allow":["GET"]}}],"collection":[{"href":"https:\/\/www.arluewa.de\/fr\/wp-json\/wp\/v2\/pages"}],"about":[{"href":"https:\/\/www.arluewa.de\/fr\/wp-json\/wp\/v2\/types\/page"}],"author":[{"embeddable":true,"href":"https:\/\/www.arluewa.de\/fr\/wp-json\/wp\/v2\/users\/3"}],"replies":[{"embeddable":true,"href":"https:\/\/www.arluewa.de\/fr\/wp-json\/wp\/v2\/comments?post=3773"}],"version-history":[{"count":1,"href":"https:\/\/www.arluewa.de\/fr\/wp-json\/wp\/v2\/pages\/3773\/revisions"}],"predecessor-version":[{"id":3774,"href":"https:\/\/www.arluewa.de\/fr\/wp-json\/wp\/v2\/pages\/3773\/revisions\/3774"}],"wp:attachment":[{"href":"https:\/\/www.arluewa.de\/fr\/wp-json\/wp\/v2\/media?parent=3773"}],"curies":[{"name":"wp","href":"https:\/\/api.w.org\/{rel}","templated":true}]}}